{"id":110,"date":"2026-04-17T15:53:08","date_gmt":"2026-04-17T13:53:08","guid":{"rendered":"http:\/\/schoenberg.geoolivin.com\/?page_id=110"},"modified":"2026-04-17T15:53:08","modified_gmt":"2026-04-17T13:53:08","slug":"die-probennahme","status":"publish","type":"page","link":"https:\/\/schoenberg.geoolivin.com\/?page_id=110","title":{"rendered":"Die Probennahme"},"content":{"rendered":"\n<p>Die Probennahme ist nach der ersten geologischen Recherche der wichtigste Punkt f\u00fcr alle weiteren Schritte bis hin zum Gem\u00e4lde. Hier f\u00e4llt die Entscheidung \u00fcber die Mineralzusammensetzung im D\u00fcnnschliff. Zuerst wird das Projektgebiet vor Ort geologisch untersucht. Gesteine m\u00fcssen makroskopisch bestimmt werden. F\u00fcr die sp\u00e4teren D\u00fcnnschliffe werden anschlie\u00dfend Proben von Gesteinen genommen, die in den weiteren Prozess der wissenschaftlichen Untersuchung des Materials m\u00fcnden.<\/p>\n\n\n\n<div class=\"wp-container-3 wp-block-columns\">\n<div class=\"wp-container-1 wp-block-column\" style=\"flex-basis:66.66%\">\n<figure class=\"wp-block-embed is-type-rich is-provider-handler-einbetten wp-block-embed-handler-einbetten wp-embed-aspect-4-3 wp-has-aspect-ratio\"><div class=\"wp-block-embed__wrapper\">\n<iframe loading=\"lazy\" title=\"Die Probennahme - Petrographie - Stein-Zeit in der Kunst\" width=\"500\" height=\"375\" src=\"https:\/\/www.youtube.com\/embed\/NNIj4AiA4PQ?feature=oembed\" frameborder=\"0\" allow=\"accelerometer; autoplay; clipboard-write; encrypted-media; gyroscope; picture-in-picture; web-share\" referrerpolicy=\"strict-origin-when-cross-origin\" allowfullscreen><\/iframe>\n<\/div><\/figure>\n<\/div>\n\n\n\n<div class=\"wp-container-2 wp-block-column\" style=\"flex-basis:33.33%\"><\/div>\n<\/div>\n\n\n\n<p><strong>Die Karte &#8211; Blaue Kuppe &#8211; Klick auf die blaue Markierung!<\/strong><\/p>\n\n\n\n<iframe\n  src=\"https:\/\/maps.google.at\/maps\/ms?ie=UTF8&#038;t=h&#038;hl=de&#038;msa=0&#038;msid=109243779007273238191.000477f7fd16ef5ac932b&#038;ll=51.155164,10.035303&#038;spn=0.00323,0.006866&#038;z=17&#038;output=embed\"\n  width=\"720\"\n  height=\"500\"\n  style=\"border:0;\"\n  loading=\"lazy\"\n  allowfullscreen>\n<\/iframe>\n\n<p>\n  <small>\n    <a href=\"https:\/\/maps.google.at\/maps\/ms?ie=UTF8&#038;t=h&#038;hl=de&#038;msa=0&#038;msid=109243779007273238191.000477f7fd16ef5ac932b&#038;ll=51.155164,10.035303&#038;spn=0.00323,0.006866&#038;z=17&#038;source=embed\" target=\"_blank\" rel=\"noopener\">\n      Petrographie Blaue Kuppe auf einer gr\u00f6\u00dferen Karte anzeigen\n    <\/a>\n  <\/small>\n<\/p>\n","protected":false},"excerpt":{"rendered":"<p>Die Probennahme ist nach der ersten geologischen Recherche der wichtigste Punkt f\u00fcr alle weiteren Schritte bis hin zum Gem\u00e4lde. Hier [&hellip;]<\/p>\n","protected":false},"author":1,"featured_media":0,"parent":0,"menu_order":0,"comment_status":"closed","ping_status":"closed","template":"","meta":{"site-sidebar-layout":"left-sidebar","site-content-layout":"","ast-site-content-layout":"default","site-content-style":"default","site-sidebar-style":"default","ast-global-header-display":"disabled","ast-banner-title-visibility":"","ast-main-header-display":"","ast-hfb-above-header-display":"","ast-hfb-below-header-display":"","ast-hfb-mobile-header-display":"","site-post-title":"","ast-breadcrumbs-content":"","ast-featured-img":"","footer-sml-layout":"disabled","ast-disable-related-posts":"","theme-transparent-header-meta":"","adv-header-id-meta":"","stick-header-meta":"","header-above-stick-meta":"","header-main-stick-meta":"","header-below-stick-meta":"","astra-migrate-meta-layouts":"default","ast-page-background-enabled":"default","ast-page-background-meta":{"desktop":{"background-color":"var(--ast-global-color-5)","background-image":"","background-repeat":"repeat","background-position":"center center","background-size":"auto","background-attachment":"scroll","background-type":"","background-media":"","overlay-type":"","overlay-color":"","overlay-opacity":"","overlay-gradient":""},"tablet":{"background-color":"","background-image":"","background-repeat":"repeat","background-position":"center center","background-size":"auto","background-attachment":"scroll","background-type":"","background-media":"","overlay-type":"","overlay-color":"","overlay-opacity":"","overlay-gradient":""},"mobile":{"background-color":"","background-image":"","background-repeat":"repeat","background-position":"center center","background-size":"auto","background-attachment":"scroll","background-type":"","background-media":"","overlay-type":"","overlay-color":"","overlay-opacity":"","overlay-gradient":""}},"ast-content-background-meta":{"desktop":{"background-color":"var(--ast-global-color-4)","background-image":"","background-repeat":"repeat","background-position":"center center","background-size":"auto","background-attachment":"scroll","background-type":"","background-media":"","overlay-type":"","overlay-color":"","overlay-opacity":"","overlay-gradient":""},"tablet":{"background-color":"var(--ast-global-color-4)","background-image":"","background-repeat":"repeat","background-position":"center center","background-size":"auto","background-attachment":"scroll","background-type":"","background-media":"","overlay-type":"","overlay-color":"","overlay-opacity":"","overlay-gradient":""},"mobile":{"background-color":"var(--ast-global-color-4)","background-image":"","background-repeat":"repeat","background-position":"center center","background-size":"auto","background-attachment":"scroll","background-type":"","background-media":"","overlay-type":"","overlay-color":"","overlay-opacity":"","overlay-gradient":""}}},"_links":{"self":[{"href":"https:\/\/schoenberg.geoolivin.com\/index.php?rest_route=\/wp\/v2\/pages\/110"}],"collection":[{"href":"https:\/\/schoenberg.geoolivin.com\/index.php?rest_route=\/wp\/v2\/pages"}],"about":[{"href":"https:\/\/schoenberg.geoolivin.com\/index.php?rest_route=\/wp\/v2\/types\/page"}],"author":[{"embeddable":true,"href":"https:\/\/schoenberg.geoolivin.com\/index.php?rest_route=\/wp\/v2\/users\/1"}],"replies":[{"embeddable":true,"href":"https:\/\/schoenberg.geoolivin.com\/index.php?rest_route=%2Fwp%2Fv2%2Fcomments&post=110"}],"version-history":[{"count":1,"href":"https:\/\/schoenberg.geoolivin.com\/index.php?rest_route=\/wp\/v2\/pages\/110\/revisions"}],"predecessor-version":[{"id":112,"href":"https:\/\/schoenberg.geoolivin.com\/index.php?rest_route=\/wp\/v2\/pages\/110\/revisions\/112"}],"wp:attachment":[{"href":"https:\/\/schoenberg.geoolivin.com\/index.php?rest_route=%2Fwp%2Fv2%2Fmedia&parent=110"}],"curies":[{"name":"wp","href":"https:\/\/api.w.org\/{rel}","templated":true}]}}