{"id":123,"date":"2026-04-17T16:44:53","date_gmt":"2026-04-17T14:44:53","guid":{"rendered":"http:\/\/schoenberg.geoolivin.com\/?page_id=123"},"modified":"2026-04-17T16:47:36","modified_gmt":"2026-04-17T14:47:36","slug":"der-geologe","status":"publish","type":"page","link":"https:\/\/schoenberg.geoolivin.com\/?page_id=123","title":{"rendered":"Der Geologe"},"content":{"rendered":"\n<h2>Torsten Sch\u00f6nberg<\/h2>\n\n\n\n<p><br>Torsten Sch\u00f6nberg wurde am 27.09.1969 in Eschwege\/Hessen geboren. Er studierte Geologie und Mineralogie an den Universit\u00e4ten G\u00f6ttingen\/Deutschland und Wien\/\u00d6sterreich. Seine berufliche Erfahrung im Projektmanagement und im Eventbereich gew\u00e4hrleisten einen reibungslosen Ablauf der Projekte.<\/p>\n\n\n\n<h5>Curriculum Vitae<\/h5>\n\n\n\n<figure class=\"wp-block-table\"><table><tbody><tr><td>1990-1997<\/td><td>Studium der Geologie\/Pal\u00e4ontologie und Mineralogie an der Georg-August Universit\u00e4t G\u00f6ttingen<\/td><\/tr><tr><td>1994-1997<\/td><td>Studium der Geologie an der Universit\u00e4t Wien<\/td><\/tr><tr><td>1998-2002<\/td><td>Projektmanager, Qualit\u00e4tsmanager bei den Firmen NavTeq, Robert Bosch AG und Tele Atlas \u00d6sterreich in Wien<\/td><\/tr><tr><td>2003-2020<\/td><td>Projektmanager bei der Firma PRISMA solutions in M\u00f6dling bei Wien<\/td><\/tr><tr><td>seit 2020<\/td><td>Projektmanager bei der Firma EMA Austria in Wien<\/td><\/tr><\/tbody><\/table><\/figure>\n\n\n\n<h5>Ausstellungen<\/h5>\n\n\n\n<figure class=\"wp-block-table\"><table><tbody><tr><td>2008<\/td><td>Eschwege &#8211; Hochzeitshaus &#8222;Petrographie &#8211; Stein-Zeit in der Kunst&#8220;<\/td><\/tr><tr><td>2010<\/td><td>M\u00fchlhausen &#8211; Kirche St. Petri &#8222;Petrographie &#8211; Stein-Zeit in der Kunst&#8220;<\/td><\/tr><tr><td>2012<\/td><td>Niestetal-Sandershausen Ev. Gemeindehaus &#8222;Petrographie &#8211; Stein-Zeit in der Kunst&#8220;<\/td><\/tr><\/tbody><\/table><\/figure>\n","protected":false},"excerpt":{"rendered":"<p>Torsten Sch\u00f6nberg Torsten Sch\u00f6nberg wurde am 27.09.1969 in Eschwege\/Hessen geboren. Er studierte Geologie und Mineralogie an den Universit\u00e4ten G\u00f6ttingen\/Deutschland und [&hellip;]<\/p>\n","protected":false},"author":1,"featured_media":0,"parent":0,"menu_order":0,"comment_status":"closed","ping_status":"closed","template":"","meta":{"site-sidebar-layout":"left-sidebar","site-content-layout":"","ast-site-content-layout":"default","site-content-style":"default","site-sidebar-style":"default","ast-global-header-display":"disabled","ast-banner-title-visibility":"","ast-main-header-display":"","ast-hfb-above-header-display":"","ast-hfb-below-header-display":"","ast-hfb-mobile-header-display":"","site-post-title":"","ast-breadcrumbs-content":"","ast-featured-img":"","footer-sml-layout":"disabled","ast-disable-related-posts":"","theme-transparent-header-meta":"","adv-header-id-meta":"","stick-header-meta":"","header-above-stick-meta":"","header-main-stick-meta":"","header-below-stick-meta":"","astra-migrate-meta-layouts":"default","ast-page-background-enabled":"default","ast-page-background-meta":{"desktop":{"background-color":"var(--ast-global-color-5)","background-image":"","background-repeat":"repeat","background-position":"center center","background-size":"auto","background-attachment":"scroll","background-type":"","background-media":"","overlay-type":"","overlay-color":"","overlay-opacity":"","overlay-gradient":""},"tablet":{"background-color":"","background-image":"","background-repeat":"repeat","background-position":"center center","background-size":"auto","background-attachment":"scroll","background-type":"","background-media":"","overlay-type":"","overlay-color":"","overlay-opacity":"","overlay-gradient":""},"mobile":{"background-color":"","background-image":"","background-repeat":"repeat","background-position":"center center","background-size":"auto","background-attachment":"scroll","background-type":"","background-media":"","overlay-type":"","overlay-color":"","overlay-opacity":"","overlay-gradient":""}},"ast-content-background-meta":{"desktop":{"background-color":"var(--ast-global-color-4)","background-image":"","background-repeat":"repeat","background-position":"center center","background-size":"auto","background-attachment":"scroll","background-type":"","background-media":"","overlay-type":"","overlay-color":"","overlay-opacity":"","overlay-gradient":""},"tablet":{"background-color":"var(--ast-global-color-4)","background-image":"","background-repeat":"repeat","background-position":"center center","background-size":"auto","background-attachment":"scroll","background-type":"","background-media":"","overlay-type":"","overlay-color":"","overlay-opacity":"","overlay-gradient":""},"mobile":{"background-color":"var(--ast-global-color-4)","background-image":"","background-repeat":"repeat","background-position":"center center","background-size":"auto","background-attachment":"scroll","background-type":"","background-media":"","overlay-type":"","overlay-color":"","overlay-opacity":"","overlay-gradient":""}}},"_links":{"self":[{"href":"https:\/\/schoenberg.geoolivin.com\/index.php?rest_route=\/wp\/v2\/pages\/123"}],"collection":[{"href":"https:\/\/schoenberg.geoolivin.com\/index.php?rest_route=\/wp\/v2\/pages"}],"about":[{"href":"https:\/\/schoenberg.geoolivin.com\/index.php?rest_route=\/wp\/v2\/types\/page"}],"author":[{"embeddable":true,"href":"https:\/\/schoenberg.geoolivin.com\/index.php?rest_route=\/wp\/v2\/users\/1"}],"replies":[{"embeddable":true,"href":"https:\/\/schoenberg.geoolivin.com\/index.php?rest_route=%2Fwp%2Fv2%2Fcomments&post=123"}],"version-history":[{"count":3,"href":"https:\/\/schoenberg.geoolivin.com\/index.php?rest_route=\/wp\/v2\/pages\/123\/revisions"}],"predecessor-version":[{"id":127,"href":"https:\/\/schoenberg.geoolivin.com\/index.php?rest_route=\/wp\/v2\/pages\/123\/revisions\/127"}],"wp:attachment":[{"href":"https:\/\/schoenberg.geoolivin.com\/index.php?rest_route=%2Fwp%2Fv2%2Fmedia&parent=123"}],"curies":[{"name":"wp","href":"https:\/\/api.w.org\/{rel}","templated":true}]}}