{"id":128,"date":"2026-04-17T16:56:55","date_gmt":"2026-04-17T14:56:55","guid":{"rendered":"http:\/\/schoenberg.geoolivin.com\/?page_id=128"},"modified":"2026-04-17T16:56:55","modified_gmt":"2026-04-17T14:56:55","slug":"der-kontakt","status":"publish","type":"page","link":"https:\/\/schoenberg.geoolivin.com\/?page_id=128","title":{"rendered":"Der Kontakt"},"content":{"rendered":"\n<h2>Der Kontakt<\/h2>\n\n\n\n<div class=\"wp-container-3 wp-block-columns\">\n<div class=\"wp-container-1 wp-block-column\">\n<h5>Dieter Sch\u00f6nberg<\/h5>\n\n\n\n<p>Der K\u00fcnstler<\/p>\n\n\n\n<figure class=\"wp-block-image size-full is-resized\"><img loading=\"lazy\" src=\"http:\/\/schoenberg.geoolivin.com\/wp-content\/uploads\/2026\/04\/kalzit_1.jpg\" alt=\"\" class=\"wp-image-129\" width=\"230\" height=\"170\" srcset=\"https:\/\/schoenberg.geoolivin.com\/wp-content\/uploads\/2026\/04\/kalzit_1.jpg 504w, https:\/\/schoenberg.geoolivin.com\/wp-content\/uploads\/2026\/04\/kalzit_1-300x222.jpg 300w\" sizes=\"(max-width: 230px) 100vw, 230px\" \/><\/figure>\n\n\n\n<p><\/p>\n\n\n\n<p><\/p>\n<\/div>\n\n\n\n<div class=\"wp-container-2 wp-block-column\">\n<h5>Torsten Sch\u00f6nberg<\/h5>\n\n\n\n<p>Der Geologe<\/p>\n\n\n\n<figure class=\"wp-block-image size-full is-resized\"><img loading=\"lazy\" src=\"http:\/\/schoenberg.geoolivin.com\/wp-content\/uploads\/2026\/04\/img_5042.jpg\" alt=\"\" class=\"wp-image-130\" width=\"231\" height=\"173\" srcset=\"https:\/\/schoenberg.geoolivin.com\/wp-content\/uploads\/2026\/04\/img_5042.jpg 400w, https:\/\/schoenberg.geoolivin.com\/wp-content\/uploads\/2026\/04\/img_5042-300x225.jpg 300w\" sizes=\"(max-width: 231px) 100vw, 231px\" \/><\/figure>\n\n\n\n<p>Meinhard-Deutschland &amp; Wien-\u00d6sterreich<\/p>\n\n\n\n<p>Tel.: 0043-699-10112667<\/p>\n\n\n\n<p>petrographie@gmail.com<\/p>\n\n\n\n<p>www.geoolivin.com<\/p>\n<\/div>\n<\/div>\n","protected":false},"excerpt":{"rendered":"<p>Der Kontakt Dieter Sch\u00f6nberg Der K\u00fcnstler Torsten Sch\u00f6nberg Der Geologe Meinhard-Deutschland &amp; Wien-\u00d6sterreich Tel.: 0043-699-10112667 petrographie@gmail.com www.geoolivin.com<\/p>\n","protected":false},"author":1,"featured_media":0,"parent":0,"menu_order":0,"comment_status":"closed","ping_status":"closed","template":"","meta":{"site-sidebar-layout":"left-sidebar","site-content-layout":"","ast-site-content-layout":"default","site-content-style":"default","site-sidebar-style":"default","ast-global-header-display":"disabled","ast-banner-title-visibility":"","ast-main-header-display":"","ast-hfb-above-header-display":"","ast-hfb-below-header-display":"","ast-hfb-mobile-header-display":"","site-post-title":"","ast-breadcrumbs-content":"","ast-featured-img":"","footer-sml-layout":"disabled","ast-disable-related-posts":"","theme-transparent-header-meta":"","adv-header-id-meta":"","stick-header-meta":"","header-above-stick-meta":"","header-main-stick-meta":"","header-below-stick-meta":"","astra-migrate-meta-layouts":"default","ast-page-background-enabled":"default","ast-page-background-meta":{"desktop":{"background-color":"var(--ast-global-color-5)","background-image":"","background-repeat":"repeat","background-position":"center center","background-size":"auto","background-attachment":"scroll","background-type":"","background-media":"","overlay-type":"","overlay-color":"","overlay-opacity":"","overlay-gradient":""},"tablet":{"background-color":"","background-image":"","background-repeat":"repeat","background-position":"center center","background-size":"auto","background-attachment":"scroll","background-type":"","background-media":"","overlay-type":"","overlay-color":"","overlay-opacity":"","overlay-gradient":""},"mobile":{"background-color":"","background-image":"","background-repeat":"repeat","background-position":"center center","background-size":"auto","background-attachment":"scroll","background-type":"","background-media":"","overlay-type":"","overlay-color":"","overlay-opacity":"","overlay-gradient":""}},"ast-content-background-meta":{"desktop":{"background-color":"var(--ast-global-color-4)","background-image":"","background-repeat":"repeat","background-position":"center center","background-size":"auto","background-attachment":"scroll","background-type":"","background-media":"","overlay-type":"","overlay-color":"","overlay-opacity":"","overlay-gradient":""},"tablet":{"background-color":"var(--ast-global-color-4)","background-image":"","background-repeat":"repeat","background-position":"center center","background-size":"auto","background-attachment":"scroll","background-type":"","background-media":"","overlay-type":"","overlay-color":"","overlay-opacity":"","overlay-gradient":""},"mobile":{"background-color":"var(--ast-global-color-4)","background-image":"","background-repeat":"repeat","background-position":"center center","background-size":"auto","background-attachment":"scroll","background-type":"","background-media":"","overlay-type":"","overlay-color":"","overlay-opacity":"","overlay-gradient":""}}},"_links":{"self":[{"href":"https:\/\/schoenberg.geoolivin.com\/index.php?rest_route=\/wp\/v2\/pages\/128"}],"collection":[{"href":"https:\/\/schoenberg.geoolivin.com\/index.php?rest_route=\/wp\/v2\/pages"}],"about":[{"href":"https:\/\/schoenberg.geoolivin.com\/index.php?rest_route=\/wp\/v2\/types\/page"}],"author":[{"embeddable":true,"href":"https:\/\/schoenberg.geoolivin.com\/index.php?rest_route=\/wp\/v2\/users\/1"}],"replies":[{"embeddable":true,"href":"https:\/\/schoenberg.geoolivin.com\/index.php?rest_route=%2Fwp%2Fv2%2Fcomments&post=128"}],"version-history":[{"count":1,"href":"https:\/\/schoenberg.geoolivin.com\/index.php?rest_route=\/wp\/v2\/pages\/128\/revisions"}],"predecessor-version":[{"id":131,"href":"https:\/\/schoenberg.geoolivin.com\/index.php?rest_route=\/wp\/v2\/pages\/128\/revisions\/131"}],"wp:attachment":[{"href":"https:\/\/schoenberg.geoolivin.com\/index.php?rest_route=%2Fwp%2Fv2%2Fmedia&parent=128"}],"curies":[{"name":"wp","href":"https:\/\/api.w.org\/{rel}","templated":true}]}}