{"id":138,"date":"2026-04-22T09:18:49","date_gmt":"2026-04-22T07:18:49","guid":{"rendered":"http:\/\/schoenberg.geoolivin.com\/?page_id=138"},"modified":"2026-04-22T09:51:07","modified_gmt":"2026-04-22T07:51:07","slug":"die-galerie-der-pantomimen","status":"publish","type":"page","link":"https:\/\/schoenberg.geoolivin.com\/?page_id=138","title":{"rendered":"Die Galerie der Pantomimen"},"content":{"rendered":"\n<h2>Die Galerie der Pantomimen<\/h2>\n\n\n\n<p>\nWer kennt sie nicht: die faszinierenden Gestalten, die in vielen St\u00e4dten t\u00e4glich hunderte Zuschauer \u2013 ganz ohne Worte \u2013 in ihren Bann ziehen. Sie stehen bewegungslos an Stra\u00dfenecken und auf Pl\u00e4tzen und lassen sich auch von den neugierigsten Passanten nicht aus der Ruhe bringen. Nur manchmal ver\u00e4ndern sie pl\u00f6tzlich und unvorhersehbar ihre Position, blo\u00df um Sekunden sp\u00e4ter in der n\u00e4chsten zu verharren. Dieter Sch\u00f6nberg besch\u00e4ftigt sich seit vielen Jahren mit der Kunstform der Pantomime und hat den beliebten Mimen bereits mehrere beeindruckende Kunstwerke \u2013 vorwiegend in \u00d6l \u2013 gewidmet.\n<\/p>\n\n<p>\nVon der \u00e4gyptischen Mumie bis zum Wiener Geiger &#8211; Dieter Sch\u00f6nberg bildet nicht einfach ab, sondern verleiht seinen Figuren k\u00fcnstlerisch Ausdruck. Dabei gelingt es ihm, sowohl das Geheimnisvolle der Pantomime als auch die damit verbundene Ironie und Parodie sichtbar zu machen. Au\u00dferdem setzt er sich mit der Maske als k\u00fcnstlerisches Motiv auseinander. Er reduziert die Distanz, die durch Maske und Kost\u00fcm hergestellt wird und l\u00e4sst den Betrachter hinter die Fassade blicken. Wie ein heimlicher Voyeur wartet dieser auf ein erl\u00f6sendes Augenzwinkern, eine kurze Bewegung oder auf ein entspannendes Ausatmen, nachdem der Atem lange angehalten wurde.\n<\/p>\n\n<div class=\"panto-gallery\">\n  <div class=\"panto-gallery-main\">\n    <img id=\"panto-main-image\"\n         src=\"http:\/\/schoenberg.geoolivin.com\/wp-content\/uploads\/gallery\/pantomime1_172_410_90.jpg\"\n         alt=\"Pantomime\">\n    <div class=\"panto-caption\">\n      <strong id=\"panto-caption-title\">Pantomime<\/strong><br>\n      <span id=\"panto-caption-location\">Wien\/\u00d6sterreich<\/span>\n    <\/div>\n  <\/div>\n\n  <div class=\"panto-gallery-thumbs\" id=\"panto-gallery-thumbs\"><\/div>\n<\/div>\n\n<style>\n.panto-gallery {\n  display: flex;\n  gap: 18px;\n  align-items: flex-start;\n  flex-wrap: wrap;\n  margin-top: 20px;\n}\n\n.panto-gallery-main {\n  width: 190px;\n  max-width: 100%;\n}\n\n.panto-gallery-main img {\n  width: auto;\n  max-width: 100%;\n  height: auto;\n  max-height: 410px;\n  border: 1px solid #bbb;\n  display: block;\n}\n\n.panto-caption {\n  margin-top: 8px;\n  line-height: 1.35;\n}\n\n.panto-gallery-thumbs {\n  display: grid;\n  grid-template-columns: repeat(2, auto);\n  gap: 8px 10px;\n  align-content: start;\n}\n\n.panto-gallery-thumbs img {\n  display: block;\n  width: auto;\n  height: auto;\n  max-width: 100px;\n  max-height: 113px;\n  border: 1px solid #bbb;\n  cursor: pointer;\n  background: #fff;\n}\n\n.panto-gallery-thumbs img.active {\n  border: 2px solid #333;\n}\n\n@media (max-width: 900px) {\n  .panto-gallery {\n    flex-direction: column;\n  }\n\n  .panto-gallery-thumbs {\n    grid-template-columns: repeat(4, auto);\n  }\n}\n\n@media (max-width: 600px) {\n  .panto-gallery-thumbs {\n    grid-template-columns: repeat(2, auto);\n  }\n}\n<\/style>\n\n<script>\n(function() {\n  const base = \"http:\/\/schoenberg.geoolivin.com\/wp-content\/uploads\/gallery\/\";\n\n  const images = [\n    [\"pantomime1_172_410_90.jpg\", \"pantomime1_47_113_80.jpg\", \"Pantomime\", \"Wien\/\u00d6sterreich\"],\n    [\"pantomime7_410_320_90.jpg\", \"pantomime7_100_78_80.jpg\", \"Pantomime\", \"Wien\/\u00d6sterreich\"],\n    [\"pantomime4_165_410_90.jpg\", \"pantomime4_45_113_80.jpg\", \"Pantomime\", \"Wien\/\u00d6sterreich\"],\n    [\"img_4682.1_182_410_90.jpg\", \"img_4682.1_50_113_80.jpg\", \"Pantomime\", \"Wien\/\u00d6sterreich\"],\n    [\"pantomime3_175_410_90.jpg\", \"pantomime3_48_113_80.jpg\", \"Pantomime\", \"Wien\/\u00d6sterreich\"],\n    [\"pamtomine2_175_410_90.jpg\", \"pamtomine2_48_113_80.jpg\", \"Pantomime\", \"Wien\/\u00d6sterreich\"],\n    [\"img_4764.1_176_410_90.jpg\", \"img_4764.1_48_113_80.jpg\", \"Pantomime\", \"Wien\/\u00d6sterreich\"],\n    [\"pantomime5_266_410_90.jpg\", \"pantomime5_73_113_80.jpg\", \"Pantomime\", \"Wien\/\u00d6sterreich\"],\n    [\"pantomime6_298_410_90.jpg\", \"pantomime6_82_113_80.jpg\", \"Pantomime\", \"Wien\/\u00d6sterreich\"],\n    [\"mozart2_178_410_90.jpg\", \"mozart2_49_113_80.jpg\", \"Pantomime\", \"Wien\/\u00d6sterreich\"]\n  ];\n\n  const thumbsContainer = document.getElementById(\"panto-gallery-thumbs\");\n  const mainImage = document.getElementById(\"panto-main-image\");\n  const captionTitle = document.getElementById(\"panto-caption-title\");\n  const captionLocation = document.getElementById(\"panto-caption-location\");\n\n  images.forEach((img, index) => {\n    const thumb = document.createElement(\"img\");\n    thumb.src = base + img[1];\n    thumb.alt = img[2];\n    thumb.dataset.large = base + img[0];\n    thumb.dataset.title = img[2];\n    thumb.dataset.location = img[3];\n    thumb.className = \"panto-thumb\";\n\n    if (index === 0) {\n      thumb.classList.add(\"active\");\n    }\n\n    thumb.onclick = () => {\n      mainImage.src = thumb.dataset.large;\n      mainImage.alt = thumb.dataset.title;\n      captionTitle.innerText = thumb.dataset.title;\n      captionLocation.innerText = thumb.dataset.location;\n\n      document.querySelectorAll(\".panto-thumb\").forEach(t => t.classList.remove(\"active\"));\n      thumb.classList.add(\"active\");\n    };\n\n    thumbsContainer.appendChild(thumb);\n  });\n})();\n<\/script>\n","protected":false},"excerpt":{"rendered":"<p>Die Galerie der Pantomimen Wer kennt sie nicht: die faszinierenden Gestalten, die in vielen St\u00e4dten t\u00e4glich hunderte Zuschauer \u2013 ganz [&hellip;]<\/p>\n","protected":false},"author":1,"featured_media":0,"parent":0,"menu_order":0,"comment_status":"closed","ping_status":"closed","template":"","meta":{"site-sidebar-layout":"left-sidebar","site-content-layout":"","ast-site-content-layout":"default","site-content-style":"default","site-sidebar-style":"default","ast-global-header-display":"disabled","ast-banner-title-visibility":"","ast-main-header-display":"","ast-hfb-above-header-display":"","ast-hfb-below-header-display":"","ast-hfb-mobile-header-display":"","site-post-title":"","ast-breadcrumbs-content":"","ast-featured-img":"","footer-sml-layout":"disabled","ast-disable-related-posts":"","theme-transparent-header-meta":"","adv-header-id-meta":"","stick-header-meta":"","header-above-stick-meta":"","header-main-stick-meta":"","header-below-stick-meta":"","astra-migrate-meta-layouts":"default","ast-page-background-enabled":"default","ast-page-background-meta":{"desktop":{"background-color":"var(--ast-global-color-5)","background-image":"","background-repeat":"repeat","background-position":"center center","background-size":"auto","background-attachment":"scroll","background-type":"","background-media":"","overlay-type":"","overlay-color":"","overlay-opacity":"","overlay-gradient":""},"tablet":{"background-color":"","background-image":"","background-repeat":"repeat","background-position":"center center","background-size":"auto","background-attachment":"scroll","background-type":"","background-media":"","overlay-type":"","overlay-color":"","overlay-opacity":"","overlay-gradient":""},"mobile":{"background-color":"","background-image":"","background-repeat":"repeat","background-position":"center center","background-size":"auto","background-attachment":"scroll","background-type":"","background-media":"","overlay-type":"","overlay-color":"","overlay-opacity":"","overlay-gradient":""}},"ast-content-background-meta":{"desktop":{"background-color":"var(--ast-global-color-4)","background-image":"","background-repeat":"repeat","background-position":"center center","background-size":"auto","background-attachment":"scroll","background-type":"","background-media":"","overlay-type":"","overlay-color":"","overlay-opacity":"","overlay-gradient":""},"tablet":{"background-color":"var(--ast-global-color-4)","background-image":"","background-repeat":"repeat","background-position":"center center","background-size":"auto","background-attachment":"scroll","background-type":"","background-media":"","overlay-type":"","overlay-color":"","overlay-opacity":"","overlay-gradient":""},"mobile":{"background-color":"var(--ast-global-color-4)","background-image":"","background-repeat":"repeat","background-position":"center center","background-size":"auto","background-attachment":"scroll","background-type":"","background-media":"","overlay-type":"","overlay-color":"","overlay-opacity":"","overlay-gradient":""}}},"_links":{"self":[{"href":"https:\/\/schoenberg.geoolivin.com\/index.php?rest_route=\/wp\/v2\/pages\/138"}],"collection":[{"href":"https:\/\/schoenberg.geoolivin.com\/index.php?rest_route=\/wp\/v2\/pages"}],"about":[{"href":"https:\/\/schoenberg.geoolivin.com\/index.php?rest_route=\/wp\/v2\/types\/page"}],"author":[{"embeddable":true,"href":"https:\/\/schoenberg.geoolivin.com\/index.php?rest_route=\/wp\/v2\/users\/1"}],"replies":[{"embeddable":true,"href":"https:\/\/schoenberg.geoolivin.com\/index.php?rest_route=%2Fwp%2Fv2%2Fcomments&post=138"}],"version-history":[{"count":4,"href":"https:\/\/schoenberg.geoolivin.com\/index.php?rest_route=\/wp\/v2\/pages\/138\/revisions"}],"predecessor-version":[{"id":144,"href":"https:\/\/schoenberg.geoolivin.com\/index.php?rest_route=\/wp\/v2\/pages\/138\/revisions\/144"}],"wp:attachment":[{"href":"https:\/\/schoenberg.geoolivin.com\/index.php?rest_route=%2Fwp%2Fv2%2Fmedia&parent=138"}],"curies":[{"name":"wp","href":"https:\/\/api.w.org\/{rel}","templated":true}]}}