{"id":145,"date":"2026-04-22T09:59:52","date_gmt":"2026-04-22T07:59:52","guid":{"rendered":"http:\/\/schoenberg.geoolivin.com\/?page_id=145"},"modified":"2026-04-22T09:59:52","modified_gmt":"2026-04-22T07:59:52","slug":"die-galerie-alte-berufe","status":"publish","type":"page","link":"https:\/\/schoenberg.geoolivin.com\/?page_id=145","title":{"rendered":"Die Galerie Alte Berufe"},"content":{"rendered":"\n<h2>Die Galerie Alte Berufe mit einem Blick in die Vergangenheit<\/h2>\n\n<p>\nAls k\u00fcnstlerischen Kontrapunkt und gleichzeitig als Fortsetzung des Themas \u201eMensch und Kunst\u201c zeigt Dieter Sch\u00f6nberg Bilder von Menschen in alten Berufen. Ernst und aufmerksam gehen die Dargestellten ihren Besch\u00e4ftigungen nach und lassen sich vom Betrachter beim B\u00fcgeln, Tischlern oder Schustern beobachten. Keine Maske, kein ausgefallenes Gewand \u2013 schmucklos und allt\u00e4glich wirken sie im Gegensatz zu den Pantomimen und strahlen doch eine gewisse Zufriedenheit aus. Mit viel Liebe zum Detail und vielleicht auch mit ein bisschen Nostalgie l\u00e4sst Dieter Sch\u00f6nberg hier eine fast schon vergangene Welt wieder auferstehen.\n<\/p>\n\n<p>\nBerufe wie Glasbl\u00e4ser, Schuhmacher oder B\u00fcgler, die fr\u00fcher gang und g\u00e4be waren, sind heute nur noch selten anzutreffen. Maschinen und Computer haben die Gesellschaft ver\u00e4ndert und v\u00f6llig neue Arbeitsbedingungen geschaffen. Der K\u00fcnstler l\u00e4dt die BetrachterInnen ein, sich zu erinnern, Vergangenes wiederzuentdecken und gleichzeitig \u00fcber das eigene Leben und Arbeiten nachzudenken. Im Gegensatz zu den urban wirkenden Pantomimen-Bilder zeigt sich in diesen Werken auch die Heimatverbundenheit des K\u00fcnstlers, denn viele der dargestellten Berufe waren im Werra Mei\u00dfner Kreis fr\u00fcher h\u00e4ufig anzutreffen.\n<\/p>\n\n<div class=\"alteberufe-gallery\">\n  <div class=\"alteberufe-gallery-main\">\n    <img id=\"alteberufe-main-image\"\n         src=\"http:\/\/schoenberg.geoolivin.com\/wp-content\/uploads\/gallery\/glasblaeserin_aus_lauscha_410_297_90.jpg\"\n         alt=\"Glasbl\u00e4serin aus Lauscha\">\n    <div class=\"alteberufe-caption\">\n      <strong id=\"alteberufe-caption-title\">Glasbl\u00e4serin aus Lauscha<\/strong><br>\n      <span id=\"alteberufe-caption-location\"><\/span>\n    <\/div>\n  <\/div>\n\n  <div class=\"alteberufe-gallery-thumbs\" id=\"alteberufe-gallery-thumbs\"><\/div>\n<\/div>\n\n<style>\n.alteberufe-gallery {\n  display: flex;\n  gap: 18px;\n  align-items: flex-start;\n  flex-wrap: wrap;\n  margin-top: 20px;\n}\n\n.alteberufe-gallery-main {\n  width: 410px;\n  max-width: 100%;\n}\n\n.alteberufe-gallery-main img {\n  width: auto;\n  max-width: 100%;\n  height: auto;\n  max-height: 410px;\n  border: 1px solid #bbb;\n  display: block;\n}\n\n.alteberufe-caption {\n  margin-top: 8px;\n  line-height: 1.35;\n}\n\n.alteberufe-gallery-thumbs {\n  display: grid;\n  grid-template-columns: repeat(2, auto);\n  gap: 8px 10px;\n  align-content: start;\n}\n\n.alteberufe-gallery-thumbs img {\n  display: block;\n  width: auto;\n  height: auto;\n  max-width: 100px;\n  max-height: 113px;\n  border: 1px solid #bbb;\n  cursor: pointer;\n  background: #fff;\n}\n\n.alteberufe-gallery-thumbs img.active {\n  border: 2px solid #333;\n}\n\n@media (max-width: 900px) {\n  .alteberufe-gallery {\n    flex-direction: column;\n  }\n\n  .alteberufe-gallery-thumbs {\n    grid-template-columns: repeat(4, auto);\n  }\n}\n\n@media (max-width: 600px) {\n  .alteberufe-gallery-thumbs {\n    grid-template-columns: repeat(2, auto);\n  }\n}\n<\/style>\n\n<script>\n(function() {\n  const base = \"http:\/\/schoenberg.geoolivin.com\/wp-content\/uploads\/gallery\/\";\n\n  const images = [\n    [\"glasblaeserin_aus_lauscha_410_297_90.jpg\", \"glasblaeserin_aus_lauscha_100_72_80.jpg\", \"Glasbl\u00e4serin aus Lauscha\", \"\"],\n    [\"hanpeter_menthe_in_erfurt_314_410_90.jpg\", \"hanpeter_menthe_in_erfurt_86_113_80.jpg\", \"Landwirt Hanpeter Menthe in Erfurt\", \"\"],\n    [\"stillleben_in_der_koenigsberger_hoehle_410_274_90.jpg\", \"stillleben_in_der_koenigsberger_hoehle_100_66_80.jpg\", \"Stilleben in der K\u00f6nigsbergh\u00f6hle\", \"\"],\n    [\"schuster_hermann_eltmannshausen_292_410_90.jpg\", \"schuster_hermann_eltmannshausen_80_113_80.jpg\", \"Schuster Hermann aus Eltmannshausen\", \"\"],\n    [\"traktor_i_410_256_90.jpg\", \"traktor_i_100_62_80.jpg\", \"Traktor\", \"\"],\n    [\"saegewerk_in_niddawitzhausen_410_270_90.jpg\", \"saegewerk_in_niddawitzhausen_100_66_80.jpg\", \"S\u00e4gewerk in Niddawitzhausen\", \"\"],\n    [\"kartoffelauflese_410_307_90.jpg\", \"kartoffelauflese_100_75_80.jpg\", \"Kartoffelauflese\", \"\"],\n    [\"altes_backhaus_410_284_90.jpg\", \"altes_backhaus_100_69_80.jpg\", \"Altes Backhaus\", \"\"],\n    [\"putzer_aus_wien_300_410_90.jpg\", \"putzer_aus_wien_82_113_80.jpg\", \"Putzer aus Wien\", \"\"],\n    [\"zimmermann_410_311_90.jpg\", \"zimmermann_100_76_80.jpg\", \"Zimmermann\", \"\"],\n    [\"fischer_von_bali_410_251_90.jpg\", \"fischer_von_bali_100_61_80.jpg\", \"Fischer von Bali\", \"\"],\n    [\"schusterutensilien_410_307_90.jpg\", \"schusterutensilien_100_75_80.jpg\", \"Schusterutensilien\", \"\"],\n    [\"troktor_ii_410_301_90.jpg\", \"troktor_ii_100_73_80.jpg\", \"Traktor\", \"\"],\n    [\"schaefer_1024_768_410_307_90.jpg\", \"schaefer_1024_768_100_75_80.jpg\", \"Sch\u00e4fer\", \"\"],\n    [\"glasblaeser_410_408_90.jpg\", \"glasblaeser_100_99_80.jpg\", \"Glasbl\u00e4ser\", \"\"]\n  ];\n\n  const thumbsContainer = document.getElementById(\"alteberufe-gallery-thumbs\");\n  const mainImage = document.getElementById(\"alteberufe-main-image\");\n  const captionTitle = document.getElementById(\"alteberufe-caption-title\");\n  const captionLocation = document.getElementById(\"alteberufe-caption-location\");\n\n  images.forEach((img, index) => {\n    const thumb = document.createElement(\"img\");\n    thumb.src = base + img[1];\n    thumb.alt = img[2];\n    thumb.dataset.large = base + img[0];\n    thumb.dataset.title = img[2];\n    thumb.dataset.location = img[3];\n    thumb.className = \"alteberufe-thumb\";\n\n    if (index === 0) {\n      thumb.classList.add(\"active\");\n    }\n\n    thumb.onclick = () => {\n      mainImage.src = thumb.dataset.large;\n      mainImage.alt = thumb.dataset.title;\n      captionTitle.innerText = thumb.dataset.title;\n      captionLocation.innerText = thumb.dataset.location;\n\n      document.querySelectorAll(\".alteberufe-thumb\").forEach(t => t.classList.remove(\"active\"));\n      thumb.classList.add(\"active\");\n    };\n\n    thumbsContainer.appendChild(thumb);\n  });\n})();\n<\/script>\n","protected":false},"excerpt":{"rendered":"<p>Die Galerie Alte Berufe mit einem Blick in die Vergangenheit Als k\u00fcnstlerischen Kontrapunkt und gleichzeitig als Fortsetzung des Themas \u201eMensch [&hellip;]<\/p>\n","protected":false},"author":1,"featured_media":0,"parent":0,"menu_order":0,"comment_status":"closed","ping_status":"closed","template":"","meta":{"site-sidebar-layout":"left-sidebar","site-content-layout":"","ast-site-content-layout":"default","site-content-style":"default","site-sidebar-style":"default","ast-global-header-display":"disabled","ast-banner-title-visibility":"","ast-main-header-display":"","ast-hfb-above-header-display":"","ast-hfb-below-header-display":"","ast-hfb-mobile-header-display":"","site-post-title":"","ast-breadcrumbs-content":"","ast-featured-img":"","footer-sml-layout":"disabled","ast-disable-related-posts":"","theme-transparent-header-meta":"","adv-header-id-meta":"","stick-header-meta":"","header-above-stick-meta":"","header-main-stick-meta":"","header-below-stick-meta":"","astra-migrate-meta-layouts":"default","ast-page-background-enabled":"default","ast-page-background-meta":{"desktop":{"background-color":"var(--ast-global-color-5)","background-image":"","background-repeat":"repeat","background-position":"center center","background-size":"auto","background-attachment":"scroll","background-type":"","background-media":"","overlay-type":"","overlay-color":"","overlay-opacity":"","overlay-gradient":""},"tablet":{"background-color":"","background-image":"","background-repeat":"repeat","background-position":"center center","background-size":"auto","background-attachment":"scroll","background-type":"","background-media":"","overlay-type":"","overlay-color":"","overlay-opacity":"","overlay-gradient":""},"mobile":{"background-color":"","background-image":"","background-repeat":"repeat","background-position":"center center","background-size":"auto","background-attachment":"scroll","background-type":"","background-media":"","overlay-type":"","overlay-color":"","overlay-opacity":"","overlay-gradient":""}},"ast-content-background-meta":{"desktop":{"background-color":"var(--ast-global-color-4)","background-image":"","background-repeat":"repeat","background-position":"center center","background-size":"auto","background-attachment":"scroll","background-type":"","background-media":"","overlay-type":"","overlay-color":"","overlay-opacity":"","overlay-gradient":""},"tablet":{"background-color":"var(--ast-global-color-4)","background-image":"","background-repeat":"repeat","background-position":"center center","background-size":"auto","background-attachment":"scroll","background-type":"","background-media":"","overlay-type":"","overlay-color":"","overlay-opacity":"","overlay-gradient":""},"mobile":{"background-color":"var(--ast-global-color-4)","background-image":"","background-repeat":"repeat","background-position":"center center","background-size":"auto","background-attachment":"scroll","background-type":"","background-media":"","overlay-type":"","overlay-color":"","overlay-opacity":"","overlay-gradient":""}}},"_links":{"self":[{"href":"https:\/\/schoenberg.geoolivin.com\/index.php?rest_route=\/wp\/v2\/pages\/145"}],"collection":[{"href":"https:\/\/schoenberg.geoolivin.com\/index.php?rest_route=\/wp\/v2\/pages"}],"about":[{"href":"https:\/\/schoenberg.geoolivin.com\/index.php?rest_route=\/wp\/v2\/types\/page"}],"author":[{"embeddable":true,"href":"https:\/\/schoenberg.geoolivin.com\/index.php?rest_route=\/wp\/v2\/users\/1"}],"replies":[{"embeddable":true,"href":"https:\/\/schoenberg.geoolivin.com\/index.php?rest_route=%2Fwp%2Fv2%2Fcomments&post=145"}],"version-history":[{"count":1,"href":"https:\/\/schoenberg.geoolivin.com\/index.php?rest_route=\/wp\/v2\/pages\/145\/revisions"}],"predecessor-version":[{"id":146,"href":"https:\/\/schoenberg.geoolivin.com\/index.php?rest_route=\/wp\/v2\/pages\/145\/revisions\/146"}],"wp:attachment":[{"href":"https:\/\/schoenberg.geoolivin.com\/index.php?rest_route=%2Fwp%2Fv2%2Fmedia&parent=145"}],"curies":[{"name":"wp","href":"https:\/\/api.w.org\/{rel}","templated":true}]}}