{"id":147,"date":"2026-04-22T10:59:57","date_gmt":"2026-04-22T08:59:57","guid":{"rendered":"http:\/\/schoenberg.geoolivin.com\/?page_id=147"},"modified":"2026-04-23T12:36:28","modified_gmt":"2026-04-23T10:36:28","slug":"die-presse","status":"publish","type":"page","link":"https:\/\/schoenberg.geoolivin.com\/?page_id=147","title":{"rendered":"Die Presse"},"content":{"rendered":"\n<h2>Die Presse \u00fcber das Projekt Petrographie &#8211; Stein-Zeit in der Kunst<\/h2>\n\n<ul>\n  <li><a href=\"https:\/\/schoenberg.geoolivin.com\/downloads\/Presseaussendung_Petrographie_Schoenberg.pdf\" target=\"_blank\" rel=\"noopener\">Presseaussendung (Oktober 2008)<\/a><\/li>\n  <li><a href=\"https:\/\/schoenberg.geoolivin.com\/downloads\/Presseaussendung_Petrographie_Muehlhausen.pdf\" target=\"_blank\" rel=\"noopener\">Presseaussendung (Juli 2010)<\/a><\/li>\n  <li><a href=\"https:\/\/schoenberg.geoolivin.com\/downloads\/pressemappe_1.pdf\" target=\"_blank\" rel=\"noopener\">Ausstellungsank\u00fcndigung November 2008 Eschwege \/ Hessen (Werra Rundschau, 29.10.2008)<\/a><\/li>\n  <li><a href=\"https:\/\/schoenberg.geoolivin.com\/downloads\/pressemappe_2.pdf\" target=\"_blank\" rel=\"noopener\">Artikel zur Vernissage November 2008 Eschwege \/ Hessen (Werra Rundschau, 03.11.2008)<\/a><\/li>\n<\/ul>\n\n<br>\n\n<h2>Die Informationen \u00fcber das Projekt Petrographie &#8211; Stein-Zeit in der Kunst<\/h2>\n\n<ul>\n  <li><a href=\"https:\/\/schoenberg.geoolivin.com\/downloads\/Ausstellungskatalog_Petrographie_Schoenberg.pdf\" target=\"_blank\" rel=\"noopener\">Ausstellungskatalog zur Ausstellung in Eschwege im November 2008<\/a><\/li>\n  <li><a href=\"https:\/\/schoenberg.geoolivin.com\/downloads\/Infofolder_Petrographie_Schoenberg.pdf\" target=\"_blank\" rel=\"noopener\">Infobrosch\u00fcre \u00fcber das Projekt Petrographie &#8211; Stein-Zeit in der Kunst<\/a><\/li>\n<\/ul>\n\n<br>\n\n<h2>Die thematischen Poster zur Ausstellung Petrographie &#8211; Stein-Zeit in der Kunst<\/h2>\n\n<ul>\n  <li><a href=\"https:\/\/schoenberg.geoolivin.com\/downloads\/Ankuendigungsposter_Petrographie_Schoenberg.pdf\" target=\"_blank\" rel=\"noopener\">Ank\u00fcndigungsposter f\u00fcr die Ausstellung Petrographie &#8211; Stein-Zeit in der Kunst in Eschwege November 2008<\/a><\/li>\n  <li><a href=\"https:\/\/schoenberg.geoolivin.com\/downloads\/Vorstellung_Kuenstler_Petrographie_Schoenberg.pdf\" target=\"_blank\" rel=\"noopener\">Vorstellung K\u00fcnstler und Ausstellung<\/a><\/li>\n  <li><a href=\"https:\/\/schoenberg.geoolivin.com\/downloads\/Burg_Karlstein_Petrographie_Schoenberg.pdf\" target=\"_blank\" rel=\"noopener\">Synergie Kultur-Wissenschaft-Kunst<\/a><\/li>\n  <li><a href=\"https:\/\/schoenberg.geoolivin.com\/downloads\/Vorstellung_Arbeitsablauf_Petrpgraphie_Schoenberg.pdf\" target=\"_blank\" rel=\"noopener\">Beschreibung Arbeitsablauf<\/a><\/li>\n  <li><a href=\"https:\/\/schoenberg.geoolivin.com\/downloads\/Vorstellung_Gebiet_1_Petrographie_Schoenberg.pdf\" target=\"_blank\" rel=\"noopener\">Vorstellung Projektgebiet 1<\/a><\/li>\n  <li><a href=\"https:\/\/schoenberg.geoolivin.com\/downloads\/Vorstellung_Gebiet_2_Petrographie_Schoenberg.pdf\" target=\"_blank\" rel=\"noopener\">Vorstellung Projektgebiet 2<\/a><\/li>\n  <li><a href=\"https:\/\/schoenberg.geoolivin.com\/downloads\/Geologie_Blaue_Kuppe_Petrographie_Schoenberg.pdf\" target=\"_blank\" rel=\"noopener\">Geologie Blaue Kuppe Eschwege \/ Hessen<\/a><\/li>\n  <li><a href=\"https:\/\/schoenberg.geoolivin.com\/downloads\/Geologie_Thayagebiet_Petrographie_Schoenberg.pdf\" target=\"_blank\" rel=\"noopener\">Geologie Moldanubikum Waldviertel \/ Nieder\u00f6sterreich<\/a><\/li>\n<\/ul>\n\n<p style=\"margin-top: 2em;\">\n  Wenn Sie weitere Informationen \u00fcber das Projekt ben\u00f6tigen, dann k\u00f6nnen Sie sich direkt an den Geologen wenden.\n  Alle aktuellen Presseaussendungen werden \u00fcber diese Seite ver\u00f6ffentlicht.\n  Die Videoinstallationen wird Ihnen das Projektteam auf Anfrage gerne zur Verf\u00fcgung stellen.\n<\/p>\n","protected":false},"excerpt":{"rendered":"<p>Die Presse \u00fcber das Projekt Petrographie &#8211; Stein-Zeit in der Kunst Presseaussendung (Oktober 2008) Presseaussendung (Juli 2010) Ausstellungsank\u00fcndigung November 2008 [&hellip;]<\/p>\n","protected":false},"author":1,"featured_media":0,"parent":0,"menu_order":0,"comment_status":"closed","ping_status":"closed","template":"","meta":{"site-sidebar-layout":"left-sidebar","site-content-layout":"","ast-site-content-layout":"default","site-content-style":"default","site-sidebar-style":"default","ast-global-header-display":"disabled","ast-banner-title-visibility":"","ast-main-header-display":"","ast-hfb-above-header-display":"","ast-hfb-below-header-display":"","ast-hfb-mobile-header-display":"","site-post-title":"","ast-breadcrumbs-content":"","ast-featured-img":"","footer-sml-layout":"disabled","ast-disable-related-posts":"","theme-transparent-header-meta":"","adv-header-id-meta":"","stick-header-meta":"","header-above-stick-meta":"","header-main-stick-meta":"","header-below-stick-meta":"","astra-migrate-meta-layouts":"default","ast-page-background-enabled":"default","ast-page-background-meta":{"desktop":{"background-color":"var(--ast-global-color-5)","background-image":"","background-repeat":"repeat","background-position":"center center","background-size":"auto","background-attachment":"scroll","background-type":"","background-media":"","overlay-type":"","overlay-color":"","overlay-opacity":"","overlay-gradient":""},"tablet":{"background-color":"","background-image":"","background-repeat":"repeat","background-position":"center center","background-size":"auto","background-attachment":"scroll","background-type":"","background-media":"","overlay-type":"","overlay-color":"","overlay-opacity":"","overlay-gradient":""},"mobile":{"background-color":"","background-image":"","background-repeat":"repeat","background-position":"center center","background-size":"auto","background-attachment":"scroll","background-type":"","background-media":"","overlay-type":"","overlay-color":"","overlay-opacity":"","overlay-gradient":""}},"ast-content-background-meta":{"desktop":{"background-color":"var(--ast-global-color-4)","background-image":"","background-repeat":"repeat","background-position":"center center","background-size":"auto","background-attachment":"scroll","background-type":"","background-media":"","overlay-type":"","overlay-color":"","overlay-opacity":"","overlay-gradient":""},"tablet":{"background-color":"var(--ast-global-color-4)","background-image":"","background-repeat":"repeat","background-position":"center center","background-size":"auto","background-attachment":"scroll","background-type":"","background-media":"","overlay-type":"","overlay-color":"","overlay-opacity":"","overlay-gradient":""},"mobile":{"background-color":"var(--ast-global-color-4)","background-image":"","background-repeat":"repeat","background-position":"center center","background-size":"auto","background-attachment":"scroll","background-type":"","background-media":"","overlay-type":"","overlay-color":"","overlay-opacity":"","overlay-gradient":""}}},"_links":{"self":[{"href":"https:\/\/schoenberg.geoolivin.com\/index.php?rest_route=\/wp\/v2\/pages\/147"}],"collection":[{"href":"https:\/\/schoenberg.geoolivin.com\/index.php?rest_route=\/wp\/v2\/pages"}],"about":[{"href":"https:\/\/schoenberg.geoolivin.com\/index.php?rest_route=\/wp\/v2\/types\/page"}],"author":[{"embeddable":true,"href":"https:\/\/schoenberg.geoolivin.com\/index.php?rest_route=\/wp\/v2\/users\/1"}],"replies":[{"embeddable":true,"href":"https:\/\/schoenberg.geoolivin.com\/index.php?rest_route=%2Fwp%2Fv2%2Fcomments&post=147"}],"version-history":[{"count":2,"href":"https:\/\/schoenberg.geoolivin.com\/index.php?rest_route=\/wp\/v2\/pages\/147\/revisions"}],"predecessor-version":[{"id":150,"href":"https:\/\/schoenberg.geoolivin.com\/index.php?rest_route=\/wp\/v2\/pages\/147\/revisions\/150"}],"wp:attachment":[{"href":"https:\/\/schoenberg.geoolivin.com\/index.php?rest_route=%2Fwp%2Fv2%2Fmedia&parent=147"}],"curies":[{"name":"wp","href":"https:\/\/api.w.org\/{rel}","templated":true}]}}