{"id":151,"date":"2026-04-22T11:16:35","date_gmt":"2026-04-22T09:16:35","guid":{"rendered":"http:\/\/schoenberg.geoolivin.com\/?page_id=151"},"modified":"2026-04-22T11:52:21","modified_gmt":"2026-04-22T09:52:21","slug":"der-kuenstler","status":"publish","type":"page","link":"https:\/\/schoenberg.geoolivin.com\/?page_id=151","title":{"rendered":"Der K\u00fcnstler"},"content":{"rendered":"\n<p><\/p>\n\n\n\n<h2>Dieter Sch\u00f6nberg<\/h2>\n\n<p>\n  Dieter Sch\u00f6nberg wurde am 22.07.1948 in Eltmannshausen\/Hessen geboren.\n  Bereits in den 70iger Jahren begann er, mit \u00d6lmalerei zu experimentieren.\n  Von 1983 bis 1986 absolvierte er ein Fernstudium an der Kunstschule &#8222;Paris&#8220; in Hamburg.\n  In den letzten Jahren f\u00fchrten ihn Studienreisen immer wieder nach Wien\/\u00d6sterreich und Prag\/Tschechien.\n  Sein bisheriges Werk war weitgehend dem Realismus und Surrealismus zuzurechnen.\n  2005 geh\u00f6rte er zu einer Gruppe von K\u00fcnstlerInnen, die den Kunstverein Eschwege e.V. gr\u00fcndeten\n  (<a href=\"http:\/\/www.kunstverein-eschwege.de\" target=\"_blank\" rel=\"noopener\">www.kunstverein-eschwege.de<\/a>).\n<\/p>\n\n<h3>Galerien des K\u00fcnstlers<\/h3>\n<ul>\n  <li><a href=\"http:\/\/schoenberg.geoolivin.com\/?page_id=138\">Zyklus Pantomime<\/a><\/li>\n  <li><a href=\"http:\/\/schoenberg.geoolivin.com\/?page_id=145\">Zyklus Alte Berufe<\/a><\/li>\n<\/ul>\n\n<h3>Ausstellungen des K\u00fcnstlers<\/h3>\n\n<table style=\"width:100%; border-collapse:collapse;\">\n  <tbody>\n    <tr><td style=\"padding:4px 10px 4px 0;\">1989<\/td><td style=\"padding:4px 10px 4px 0;\">Bad Orb &#8211; IG-Metall Bildungsst\u00e4tte<\/td><td><\/td><td><\/td><td><\/td><td><\/td><\/tr>\n\n    <tr>\n      <td style=\"padding:4px 10px 4px 0;\">1989<\/td>\n      <td style=\"padding:4px 10px 4px 0;\">Eschwege &#8211; Galerie K.H. Bieda<\/td>\n      <td><a href=\"http:\/\/geoolivin.com\/downloads\/pressemappe_4_bieda_final.pdf\" target=\"_blank\" rel=\"noopener\">Presse1<\/a><\/td>\n      <td><a href=\"http:\/\/geoolivin.com\/downloads\/pressemappe_4_bieda_2_final.pdf\" target=\"_blank\" rel=\"noopener\">Presse2<\/a><\/td>\n      <td><\/td><td><\/td>\n    <\/tr>\n\n    <tr>\n      <td style=\"padding:4px 10px 4px 0;\">1992<\/td>\n      <td style=\"padding:4px 10px 4px 0;\">Eschwege &#8211; Sparkasse<\/td>\n      <td><a href=\"http:\/\/geoolivin.com\/downloads\/pressemappe_10_sparkasse_final.pdf\" target=\"_blank\" rel=\"noopener\">Presse1<\/a><\/td>\n      <td><a href=\"http:\/\/geoolivin.com\/downloads\/pressemappe_10_sparkasse_2_final.pdf\" target=\"_blank\" rel=\"noopener\">Presse2<\/a><\/td>\n      <td><\/td><td><\/td>\n    <\/tr>\n\n    <tr><td style=\"padding:4px 10px 4px 0;\">1992<\/td><td style=\"padding:4px 10px 4px 0;\">2. Kunstpreis zum Thema: Br\u00fccken bauen<\/td><td><\/td><td><\/td><td><\/td><td><\/td><\/tr>\n    <tr><td style=\"padding:4px 10px 4px 0;\">1992<\/td><td style=\"padding:4px 10px 4px 0;\">Bad Orb &#8211; IG-Metall Bildungsst\u00e4tte<\/td><td><\/td><td><\/td><td><\/td><td><\/td><\/tr>\n\n    <tr>\n      <td style=\"padding:4px 10px 4px 0;\">1992<\/td>\n      <td style=\"padding:4px 10px 4px 0;\">Bad Orb &#8211; IG-Metall Bildungsst\u00e4tte<\/td>\n      <td><a href=\"http:\/\/geoolivin.com\/downloads\/pressemappe_5_bad_orb_final.pdf\" target=\"_blank\" rel=\"noopener\">Presse1<\/a><\/td>\n      <td><\/td><td><\/td><td><\/td>\n    <\/tr>\n\n    <tr><td style=\"padding:4px 10px 4px 0;\">1994<\/td><td style=\"padding:4px 10px 4px 0;\">Meinhard-Frieda &#8211; B\u00fcrgerhaus<\/td><td><\/td><td><\/td><td><\/td><td><\/td><\/tr>\n    <tr><td style=\"padding:4px 10px 4px 0;\">1994<\/td><td style=\"padding:4px 10px 4px 0;\">G\u00f6ttingen &#8211; Galerie &#8211; Verkehrt<\/td><td><\/td><td><\/td><td><\/td><td><\/td><\/tr>\n    <tr><td style=\"padding:4px 10px 4px 0;\">1995<\/td><td style=\"padding:4px 10px 4px 0;\">Eschwege &#8211; Sparkasse Werra Mei\u00dfner<\/td><td><\/td><td><\/td><td><\/td><td><\/td><\/tr>\n    <tr><td style=\"padding:4px 10px 4px 0;\">1995<\/td><td style=\"padding:4px 10px 4px 0;\">Witzenhausen &#8211; VHS Teilnahme am Kunstpreis<\/td><td><\/td><td><\/td><td><\/td><td><\/td><\/tr>\n    <tr><td style=\"padding:4px 10px 4px 0;\">1995<\/td><td style=\"padding:4px 10px 4px 0;\">Witzenhausen &#8211; Sparkasse Sonderausstellung<\/td><td><\/td><td><\/td><td><\/td><td><\/td><\/tr>\n    <tr><td style=\"padding:4px 10px 4px 0;\">1996<\/td><td style=\"padding:4px 10px 4px 0;\">Eschwege &#8211; Amt f\u00fcr Regionalentwicklung<\/td><td><\/td><td><\/td><td><\/td><td><\/td><\/tr>\n    <tr><td style=\"padding:4px 10px 4px 0;\">1997<\/td><td style=\"padding:4px 10px 4px 0;\">Witzenhausen &#8211; Kunstausstellung und Kunstpreis<\/td><td><\/td><td><\/td><td><\/td><td><\/td><\/tr>\n    <tr><td style=\"padding:4px 10px 4px 0;\">1998<\/td><td style=\"padding:4px 10px 4px 0;\">Meinhard Frieda &#8211; B\u00fcrgerhaus<\/td><td><\/td><td><\/td><td><\/td><td><\/td><\/tr>\n    <tr><td style=\"padding:4px 10px 4px 0;\">2001<\/td><td style=\"padding:4px 10px 4px 0;\">Witzenhausen &#8211; VHS Kunstpreis<\/td><td><\/td><td><\/td><td><\/td><td><\/td><\/tr>\n\n    <tr>\n      <td style=\"padding:4px 10px 4px 0;\">2001<\/td>\n      <td style=\"padding:4px 10px 4px 0;\">Eschwege &#8211; Bundesgrenzschutz<\/td>\n      <td><a href=\"http:\/\/geoolivin.com\/downloads\/pressemappe_7_bgs_final.pdf\" target=\"_blank\" rel=\"noopener\">Presse1<\/a><\/td>\n      <td><\/td><td><\/td><td><\/td>\n    <\/tr>\n\n    <tr>\n      <td style=\"padding:4px 10px 4px 0;\">2002<\/td>\n      <td style=\"padding:4px 10px 4px 0;\">Schenkung Kirche Eltmannshausen<\/td>\n      <td><a href=\"http:\/\/geoolivin.com\/downloads\/pressemappe_14_schenkung_kirche_eltmannshausen_final.pdf\" target=\"_blank\" rel=\"noopener\">Presse1<\/a><\/td>\n      <td><\/td><td><\/td><td><\/td>\n    <\/tr>\n\n    <tr>\n      <td style=\"padding:4px 10px 4px 0;\">2002<\/td>\n      <td style=\"padding:4px 10px 4px 0;\">IG-Metall<\/td>\n      <td><a href=\"http:\/\/geoolivin.com\/downloads\/pressemappe_12_igm_zeitung_final.pdf\" target=\"_blank\" rel=\"noopener\">Presse1<\/a><\/td>\n      <td><\/td><td><\/td><td><\/td>\n    <\/tr>\n\n    <tr>\n      <td style=\"padding:4px 10px 4px 0;\">2002<\/td>\n      <td style=\"padding:4px 10px 4px 0;\">Eschwege &#8211; Hochzeitshaus &#8222;3-Wege zur Kunst&#8220;<\/td>\n      <td><a href=\"http:\/\/geoolivin.com\/downloads\/pressemappe_11_drei_wege_zur_kunst_final.pdf\" target=\"_blank\" rel=\"noopener\">Presse1<\/a><\/td>\n      <td><a href=\"http:\/\/geoolivin.com\/downloads\/pressemappe_11_drei_wege_zur_kunst_2_final.pdf\" target=\"_blank\" rel=\"noopener\">Presse2<\/a><\/td>\n      <td><a href=\"http:\/\/geoolivin.com\/downloads\/pressemappe_11_drei_wege_zur_kunst_3_final.pdf\" target=\"_blank\" rel=\"noopener\">Presse3<\/a><\/td>\n      <td><a href=\"http:\/\/geoolivin.com\/downloads\/pressemappe_11_drei_wege_zur_kunst_4_final.pdf\" target=\"_blank\" rel=\"noopener\">Presse4<\/a><\/td>\n    <\/tr>\n\n    <tr><td style=\"padding:4px 10px 4px 0;\">2003<\/td><td style=\"padding:4px 10px 4px 0;\">Eschwege &#8211; Kunstwege I<\/td><td><\/td><td><\/td><td><\/td><td><\/td><\/tr>\n\n    <tr>\n      <td style=\"padding:4px 10px 4px 0;\">2004<\/td>\n      <td style=\"padding:4px 10px 4px 0;\">Schenkung Kirche Meinhard-Grebendorf<\/td>\n      <td><a href=\"http:\/\/geoolivin.com\/downloads\/pressemappe_13_schenkung_kirche_grebendorf_final.pdf\" target=\"_blank\" rel=\"noopener\">Presse1<\/a><\/td>\n      <td><a href=\"http:\/\/geoolivin.com\/downloads\/pressemappe_13_schenkung_kirche_grebendorf_2_final.pdf\" target=\"_blank\" rel=\"noopener\">Presse2<\/a><\/td>\n      <td><\/td><td><\/td>\n    <\/tr>\n\n    <tr>\n      <td style=\"padding:4px 10px 4px 0;\">2004<\/td>\n      <td style=\"padding:4px 10px 4px 0;\">Meinhard Grebendorf &#8211; Gemeindeverwaltung &#8222;Lebensbilder&#8220;<\/td>\n      <td><a href=\"http:\/\/geoolivin.com\/downloads\/pressemappe_9_meinhard_schloss_final.pdf\" target=\"_blank\" rel=\"noopener\">Presse1<\/a><\/td>\n      <td><a href=\"http:\/\/geoolivin.com\/downloads\/pressemappe_9_meinhard_schloss_2_final.pdf\" target=\"_blank\" rel=\"noopener\">Presse2<\/a><\/td>\n      <td><a href=\"http:\/\/geoolivin.com\/downloads\/pressemappe_9_meinhard_schloss_3_final.pdf\" target=\"_blank\" rel=\"noopener\">Presse3<\/a><\/td>\n      <td><a href=\"http:\/\/geoolivin.com\/downloads\/pressemappe_9_meinhard_schloss_4_final.pdf\" target=\"_blank\" rel=\"noopener\">Presse4<\/a><\/td>\n    <\/tr>\n\n    <tr>\n      <td style=\"padding:4px 10px 4px 0;\">2004<\/td>\n      <td style=\"padding:4px 10px 4px 0;\">Berkamen &#8211; Umweltzentrum &#8222;Lebensart&#8220;<\/td>\n      <td><a href=\"http:\/\/geoolivin.com\/downloads\/pressemappe_3_berkamen_final.pdf\" target=\"_blank\" rel=\"noopener\">Presse1<\/a><\/td>\n      <td><\/td><td><\/td><td><\/td>\n    <\/tr>\n\n    <tr>\n      <td style=\"padding:4px 10px 4px 0;\">2006<\/td>\n      <td style=\"padding:4px 10px 4px 0;\">Eschwege &#8211; Hochzeitshaus &#8222;Neue Bilder&#8220;<\/td>\n      <td><a href=\"http:\/\/geoolivin.com\/downloads\/pressemappe_6_neue_bilder_final.pdf\" target=\"_blank\" rel=\"noopener\">Presse1<\/a><\/td>\n      <td><a href=\"http:\/\/geoolivin.com\/downloads\/pressemappe_6_neue_bilder_2_final.pdf\" target=\"_blank\" rel=\"noopener\">Presse2<\/a><\/td>\n      <td><\/td><td><\/td>\n    <\/tr>\n\n    <tr><td style=\"padding:4px 10px 4px 0;\">2007<\/td><td style=\"padding:4px 10px 4px 0;\">Eschwege &#8211; Marktkirche<\/td><td><\/td><td><\/td><td><\/td><td><\/td><\/tr>\n    <tr><td style=\"padding:4px 10px 4px 0;\">2007<\/td><td style=\"padding:4px 10px 4px 0;\">Eschwege &#8211; Bundespolizei<\/td><td><\/td><td><\/td><td><\/td><td><\/td><\/tr>\n\n    <tr>\n      <td style=\"padding:4px 10px 4px 0;\">2008<\/td>\n      <td style=\"padding:4px 10px 4px 0;\">Eschwege &#8211; Marktkirche<\/td>\n      <td><a href=\"http:\/\/geoolivin.com\/downloads\/pressemappe_8_pantomine_final.pdf\" target=\"_blank\" rel=\"noopener\">Presse1<\/a><\/td>\n      <td><a href=\"http:\/\/geoolivin.com\/downloads\/pressemappe_8_pantomine_2_final.pdf\" target=\"_blank\" rel=\"noopener\">Presse2<\/a><\/td>\n      <td><\/td><td><\/td>\n    <\/tr>\n\n    <tr>\n      <td style=\"padding:4px 10px 4px 0;\">2008<\/td>\n      <td style=\"padding:4px 10px 4px 0;\">Eschwege &#8211; Hochzeitshaus &#8222;Petrographie &#8211; Stein-Zeit in der Kunst&#8220;<\/td>\n      <td><a href=\"http:\/\/geoolivin.com\/downloads\/pressemappe_1.pdf\" target=\"_blank\" rel=\"noopener\">Presse1<\/a><\/td>\n      <td><a href=\"http:\/\/geoolivin.com\/downloads\/pressemappe_2.pdf\" target=\"_blank\" rel=\"noopener\">Presse2<\/a><\/td>\n      <td><\/td><td><\/td>\n    <\/tr>\n\n    <tr><td style=\"padding:4px 10px 4px 0;\">2009<\/td><td style=\"padding:4px 10px 4px 0;\">Eschwege &#8211; Hochzeitshaus Gemeinschaftsausstellung Kunstverein Eschwege<\/td><td><\/td><td><\/td><td><\/td><td><\/td><\/tr>\n\n    <tr>\n      <td style=\"padding:4px 10px 4px 0;\">2010<\/td>\n      <td style=\"padding:4px 10px 4px 0;\">M\u00fchlhausen &#8211; Kirche St. Petri &#8222;Petrographie &#8211; Stein-Zeit in der Kunst&#8220;<\/td>\n      <td><a href=\"http:\/\/www.iris-henning.de\/2010-08-04-stein-zeit-in-der-kunst\/\" target=\"_blank\" rel=\"noopener\">Presse1<\/a><\/td>\n      <td><a href=\"http:\/\/www.iris-henning.de\/2010-08-10-verwandlung-der-steine\/\" target=\"_blank\" rel=\"noopener\">Presse2<\/a><\/td>\n      <td><\/td><td><\/td>\n    <\/tr>\n\n    <tr><td style=\"padding:4px 10px 4px 0;\">2010<\/td><td style=\"padding:4px 10px 4px 0;\">Eschwege &#8211; Hochzeitshaus Gemeinschaftsausstellung Kunstverein Eschwege<\/td><td><\/td><td><\/td><td><\/td><td><\/td><\/tr>\n    <tr><td style=\"padding:4px 10px 4px 0;\">2011<\/td><td style=\"padding:4px 10px 4px 0;\">Eschwege &#8211; Hochzeitshaus Gemeinschaftsausstellung Kunstverein Eschwege<\/td><td><\/td><td><\/td><td><\/td><td><\/td><\/tr>\n    <tr><td style=\"padding:4px 10px 4px 0;\">2012<\/td><td style=\"padding:4px 10px 4px 0;\">Niestetal-Sandershausen &#8211; Ev. Gemeindehaus &#8222;Petrographie &#8211; Stein-Zeit in der Kunst&#8220;<\/td><td><\/td><td><\/td><td><\/td><td><\/td><\/tr>\n  <\/tbody>\n<\/table>\n","protected":false},"excerpt":{"rendered":"<p>Dieter Sch\u00f6nberg Dieter Sch\u00f6nberg wurde am 22.07.1948 in Eltmannshausen\/Hessen geboren. Bereits in den 70iger Jahren begann er, mit \u00d6lmalerei zu [&hellip;]<\/p>\n","protected":false},"author":1,"featured_media":0,"parent":0,"menu_order":0,"comment_status":"closed","ping_status":"closed","template":"","meta":{"site-sidebar-layout":"left-sidebar","site-content-layout":"","ast-site-content-layout":"default","site-content-style":"default","site-sidebar-style":"default","ast-global-header-display":"disabled","ast-banner-title-visibility":"","ast-main-header-display":"","ast-hfb-above-header-display":"","ast-hfb-below-header-display":"","ast-hfb-mobile-header-display":"","site-post-title":"","ast-breadcrumbs-content":"","ast-featured-img":"","footer-sml-layout":"disabled","ast-disable-related-posts":"","theme-transparent-header-meta":"","adv-header-id-meta":"","stick-header-meta":"","header-above-stick-meta":"","header-main-stick-meta":"","header-below-stick-meta":"","astra-migrate-meta-layouts":"default","ast-page-background-enabled":"default","ast-page-background-meta":{"desktop":{"background-color":"var(--ast-global-color-5)","background-image":"","background-repeat":"repeat","background-position":"center center","background-size":"auto","background-attachment":"scroll","background-type":"","background-media":"","overlay-type":"","overlay-color":"","overlay-opacity":"","overlay-gradient":""},"tablet":{"background-color":"","background-image":"","background-repeat":"repeat","background-position":"center center","background-size":"auto","background-attachment":"scroll","background-type":"","background-media":"","overlay-type":"","overlay-color":"","overlay-opacity":"","overlay-gradient":""},"mobile":{"background-color":"","background-image":"","background-repeat":"repeat","background-position":"center center","background-size":"auto","background-attachment":"scroll","background-type":"","background-media":"","overlay-type":"","overlay-color":"","overlay-opacity":"","overlay-gradient":""}},"ast-content-background-meta":{"desktop":{"background-color":"var(--ast-global-color-4)","background-image":"","background-repeat":"repeat","background-position":"center center","background-size":"auto","background-attachment":"scroll","background-type":"","background-media":"","overlay-type":"","overlay-color":"","overlay-opacity":"","overlay-gradient":""},"tablet":{"background-color":"var(--ast-global-color-4)","background-image":"","background-repeat":"repeat","background-position":"center center","background-size":"auto","background-attachment":"scroll","background-type":"","background-media":"","overlay-type":"","overlay-color":"","overlay-opacity":"","overlay-gradient":""},"mobile":{"background-color":"var(--ast-global-color-4)","background-image":"","background-repeat":"repeat","background-position":"center center","background-size":"auto","background-attachment":"scroll","background-type":"","background-media":"","overlay-type":"","overlay-color":"","overlay-opacity":"","overlay-gradient":""}}},"_links":{"self":[{"href":"https:\/\/schoenberg.geoolivin.com\/index.php?rest_route=\/wp\/v2\/pages\/151"}],"collection":[{"href":"https:\/\/schoenberg.geoolivin.com\/index.php?rest_route=\/wp\/v2\/pages"}],"about":[{"href":"https:\/\/schoenberg.geoolivin.com\/index.php?rest_route=\/wp\/v2\/types\/page"}],"author":[{"embeddable":true,"href":"https:\/\/schoenberg.geoolivin.com\/index.php?rest_route=\/wp\/v2\/users\/1"}],"replies":[{"embeddable":true,"href":"https:\/\/schoenberg.geoolivin.com\/index.php?rest_route=%2Fwp%2Fv2%2Fcomments&post=151"}],"version-history":[{"count":8,"href":"https:\/\/schoenberg.geoolivin.com\/index.php?rest_route=\/wp\/v2\/pages\/151\/revisions"}],"predecessor-version":[{"id":161,"href":"https:\/\/schoenberg.geoolivin.com\/index.php?rest_route=\/wp\/v2\/pages\/151\/revisions\/161"}],"wp:attachment":[{"href":"https:\/\/schoenberg.geoolivin.com\/index.php?rest_route=%2Fwp%2Fv2%2Fmedia&parent=151"}],"curies":[{"name":"wp","href":"https:\/\/api.w.org\/{rel}","templated":true}]}}