{"id":5,"date":"2026-04-15T17:19:02","date_gmt":"2026-04-15T15:19:02","guid":{"rendered":"http:\/\/schoenberg.geoolivin.com\/?page_id=5"},"modified":"2026-04-23T13:09:07","modified_gmt":"2026-04-23T11:09:07","slug":"petrographie-stein-zeit-in-der-kunst","status":"publish","type":"page","link":"https:\/\/schoenberg.geoolivin.com\/","title":{"rendered":"Petrographie ++++++++ Stein-Zeit in der Kunst"},"content":{"rendered":"\n<figure class=\"wp-block-image size-large is-resized\"><img loading=\"lazy\" src=\"http:\/\/schoenberg.geoolivin.com\/wp-content\/uploads\/2026\/04\/header_07-1024x171.jpg\" alt=\"\" class=\"wp-image-7\" width=\"1200\" height=\"200\" srcset=\"https:\/\/schoenberg.geoolivin.com\/wp-content\/uploads\/2026\/04\/header_07-1024x171.jpg 1024w, https:\/\/schoenberg.geoolivin.com\/wp-content\/uploads\/2026\/04\/header_07-300x50.jpg 300w, https:\/\/schoenberg.geoolivin.com\/wp-content\/uploads\/2026\/04\/header_07-768x128.jpg 768w, https:\/\/schoenberg.geoolivin.com\/wp-content\/uploads\/2026\/04\/header_07.jpg 1200w\" sizes=\"(max-width: 1200px) 100vw, 1200px\" \/><\/figure>\n\n\n\n<h2>Makroskopisch aufbereitet &#8211; mikroskopisch analysiert &#8211; mit dem Pinsel gestaltet<\/h2>\n\n\n\n<p>Mit seinem Ausstellungskonzept Petrographie &#8211; Stein-Zeit in der Kunst verbindet der K\u00fcnstler Dieter Sch\u00f6nberg Kultur, Wissenschaft und Kunst. Er l\u00e4sst sich von Gesteinen, der Farbenpracht ihrer mineralogisch aufbereiteten Form und einer zauberhaften Landschaft inspirieren und komponiert auf der Leinwand eine eindrucksvolle Welt der Farben und Formen. Eine neue Perspektive erschlie\u00dft sich den BetrachterInnen.<\/p>\n\n\n\n<div class=\"wp-container-3 wp-block-columns\">\n<div class=\"wp-container-1 wp-block-column\">\n<figure class=\"wp-block-embed is-type-video is-provider-youtube wp-block-embed-youtube wp-embed-aspect-4-3 wp-has-aspect-ratio\"><div class=\"wp-block-embed__wrapper\">\n<iframe loading=\"lazy\" title=\"Petrographie in der Hessenschau HR am 31.12.2011 - Stein-Zeit in der Kunst\" width=\"500\" height=\"375\" src=\"https:\/\/www.youtube.com\/embed\/irxEwVVNE6c?feature=oembed\" frameborder=\"0\" allow=\"accelerometer; autoplay; clipboard-write; encrypted-media; gyroscope; picture-in-picture; web-share\" referrerpolicy=\"strict-origin-when-cross-origin\" allowfullscreen><\/iframe>\n<\/div><\/figure>\n\n\n\n<p><strong>Das Konzept ohne Grenzen<\/strong><\/p>\n\n\n\n<p>In ihrer ersten gemeinsamen Ausstellung entf\u00fchrten die Sch\u00f6nbergs Ihre BesucherInnen in das Gebiet entlang des Flusses Thaya im \u00f6sterreichischen Bundesland Nieder\u00f6sterreich und zur Blauen Kuppe im Eschweger Becken im deutschen Bundesland Hessen. Eine Reise vom mystischen Waldviertel bis ins m\u00e4rchenhafte Werraland. Dieses innovative Kunstprojekt ist jederzeit in jeden Winkel des Globus transportierbar. Ob Nationalpark, Flu\u00dflandschaft, landwirtschaftlich gepr\u00e4gte Region oder St\u00e4dte und D\u00f6rfer: Geologie und Mineralogie sind ein Teil unseres Lebens. Entdecken Sie mit uns die Stein-Zeit in der Kunst &#8211; auch in ihrer unmittelbaren Umgebung.<\/p>\n\n\n\n<p><strong>Eine Ausstellung, die wandert<\/strong><\/p>\n\n\n\n<p>Petrographie &#8211; Stein-Zeit in der Kunst wurde als Wanderausstellung konzipiert. Auf Anfrage stellen wir Ihnen gerne weitere Informationen \u00fcber die Exponate zur Verf\u00fcgung. Das Projekt ist st\u00e4ndig in Erweiterung begriffen. Zur Zeit besch\u00e4ftigen wir uns mit dem Thema Aktionskunst und Objektkunst. Wenn Sie regelm\u00e4\u00dfig \u00fcber das Projekt informiert werden m\u00f6chten, dann schicken wir Ihnen gerne auf Anfrage unseren Newsletter zu. Sie erreichen uns unter der e-mail-Adresse:\u00a0petrographie@gmail.com.<\/p>\n<\/div>\n\n\n\n<div class=\"wp-container-2 wp-block-column\">\n<h5>Eine Reise, die sich lohnt<\/h5>\n\n\n\n<p>Gesteine haben eine reiche und vielf\u00e4ltige Geschichte. Oft grau und unscheinbar \u2013 sind sie Zeugen einer bewegten Vergangenheit. Aber wie wurden sie dar\u00fcber hinaus auch Objekte der Sch\u00f6nberg\u2019schen Malerei?      Es ist eine Familiengeschichte. Torsten Sch\u00f6nberg, Sohn des K\u00fcnstlers und Geologe, nahm Gesteinsproben, pr\u00e4parierte und analysierte sie. Ihre mikroskopische Gestalt inspirierte seinen Vater zu au\u00dfergew\u00f6hnlichen Kunstwerken, die eine neue Phase seines kreativen Schaffens einleiteten.   Mit seinen petrographischen Gem\u00e4lden macht Sch\u00f6nberg Wissenschaft zur Kunst und Kunst zum kreativen Abbild der Wissenschaft. Ganz seinem Leitspruch folgend, die Natur k\u00fcnstlerisch abzubilden und sie dadurch verstehen zu lernen.<\/p>\n\n\n\n<p><strong>Mineralien bauen Gesteine auf<\/strong><\/p>\n\n\n\n<p>&#8222;Einige wenige Gesteine wie etwa Kalkstein bestehen aus einer einzigen Mineralart, sie sind monomineralisch. Andere, wie der verbreitet auftretende Granit, bestehen aus mehreren Mineralphasen. Der wesentliche Unterschied zwischen einem Mineral und einem Gestein ist seine Homogenit\u00e4t: Ein Mineral kann durch mechanische Verfahren nicht in seine Einzelbestandteile zerkleinert werden, dagegen lassen sich Gesteine mit dem richtigen Werkzeug und etwas M\u00fche in die sie aufbauenden Einzelmineralien weiterzerlegen.\u201d [Frank Press \/ Raymond Siever: Allgemeine Geologie]<\/p>\n<\/div>\n<\/div>\n\n\n\n<p><\/p>\n","protected":false},"excerpt":{"rendered":"<p>Makroskopisch aufbereitet &#8211; mikroskopisch analysiert &#8211; mit dem Pinsel gestaltet Mit seinem Ausstellungskonzept Petrographie &#8211; Stein-Zeit in der Kunst verbindet [&hellip;]<\/p>\n","protected":false},"author":1,"featured_media":0,"parent":0,"menu_order":0,"comment_status":"closed","ping_status":"closed","template":"","meta":{"site-sidebar-layout":"left-sidebar","site-content-layout":"","ast-site-content-layout":"default","site-content-style":"default","site-sidebar-style":"default","ast-global-header-display":"disabled","ast-banner-title-visibility":"","ast-main-header-display":"","ast-hfb-above-header-display":"","ast-hfb-below-header-display":"","ast-hfb-mobile-header-display":"","site-post-title":"","ast-breadcrumbs-content":"","ast-featured-img":"","footer-sml-layout":"disabled","ast-disable-related-posts":"","theme-transparent-header-meta":"","adv-header-id-meta":"","stick-header-meta":"","header-above-stick-meta":"","header-main-stick-meta":"","header-below-stick-meta":"","astra-migrate-meta-layouts":"default","ast-page-background-enabled":"default","ast-page-background-meta":{"desktop":{"background-color":"var(--ast-global-color-5)","background-image":"","background-repeat":"repeat","background-position":"center center","background-size":"auto","background-attachment":"scroll","background-type":"","background-media":"","overlay-type":"","overlay-color":"","overlay-opacity":"","overlay-gradient":""},"tablet":{"background-color":"","background-image":"","background-repeat":"repeat","background-position":"center center","background-size":"auto","background-attachment":"scroll","background-type":"","background-media":"","overlay-type":"","overlay-color":"","overlay-opacity":"","overlay-gradient":""},"mobile":{"background-color":"","background-image":"","background-repeat":"repeat","background-position":"center center","background-size":"auto","background-attachment":"scroll","background-type":"","background-media":"","overlay-type":"","overlay-color":"","overlay-opacity":"","overlay-gradient":""}},"ast-content-background-meta":{"desktop":{"background-color":"var(--ast-global-color-4)","background-image":"","background-repeat":"repeat","background-position":"center center","background-size":"auto","background-attachment":"scroll","background-type":"","background-media":"","overlay-type":"","overlay-color":"","overlay-opacity":"","overlay-gradient":""},"tablet":{"background-color":"var(--ast-global-color-4)","background-image":"","background-repeat":"repeat","background-position":"center center","background-size":"auto","background-attachment":"scroll","background-type":"","background-media":"","overlay-type":"","overlay-color":"","overlay-opacity":"","overlay-gradient":""},"mobile":{"background-color":"var(--ast-global-color-4)","background-image":"","background-repeat":"repeat","background-position":"center center","background-size":"auto","background-attachment":"scroll","background-type":"","background-media":"","overlay-type":"","overlay-color":"","overlay-opacity":"","overlay-gradient":""}}},"_links":{"self":[{"href":"https:\/\/schoenberg.geoolivin.com\/index.php?rest_route=\/wp\/v2\/pages\/5"}],"collection":[{"href":"https:\/\/schoenberg.geoolivin.com\/index.php?rest_route=\/wp\/v2\/pages"}],"about":[{"href":"https:\/\/schoenberg.geoolivin.com\/index.php?rest_route=\/wp\/v2\/types\/page"}],"author":[{"embeddable":true,"href":"https:\/\/schoenberg.geoolivin.com\/index.php?rest_route=\/wp\/v2\/users\/1"}],"replies":[{"embeddable":true,"href":"https:\/\/schoenberg.geoolivin.com\/index.php?rest_route=%2Fwp%2Fv2%2Fcomments&post=5"}],"version-history":[{"count":2,"href":"https:\/\/schoenberg.geoolivin.com\/index.php?rest_route=\/wp\/v2\/pages\/5\/revisions"}],"predecessor-version":[{"id":10,"href":"https:\/\/schoenberg.geoolivin.com\/index.php?rest_route=\/wp\/v2\/pages\/5\/revisions\/10"}],"wp:attachment":[{"href":"https:\/\/schoenberg.geoolivin.com\/index.php?rest_route=%2Fwp%2Fv2%2Fmedia&parent=5"}],"curies":[{"name":"wp","href":"https:\/\/api.w.org\/{rel}","templated":true}]}}