{"id":64,"date":"2026-04-16T15:39:28","date_gmt":"2026-04-16T13:39:28","guid":{"rendered":"http:\/\/schoenberg.geoolivin.com\/?page_id=64"},"modified":"2026-04-16T15:39:28","modified_gmt":"2026-04-16T13:39:28","slug":"das-konzept","status":"publish","type":"page","link":"https:\/\/schoenberg.geoolivin.com\/?page_id=64","title":{"rendered":"Das Konzept"},"content":{"rendered":"\n<figure class=\"wp-block-image size-large\"><img loading=\"lazy\" width=\"1024\" height=\"171\" src=\"http:\/\/schoenberg.geoolivin.com\/wp-content\/uploads\/2026\/04\/header_02-1024x171.jpg\" alt=\"\" class=\"wp-image-65\" srcset=\"https:\/\/schoenberg.geoolivin.com\/wp-content\/uploads\/2026\/04\/header_02-1024x171.jpg 1024w, https:\/\/schoenberg.geoolivin.com\/wp-content\/uploads\/2026\/04\/header_02-300x50.jpg 300w, https:\/\/schoenberg.geoolivin.com\/wp-content\/uploads\/2026\/04\/header_02-768x128.jpg 768w, https:\/\/schoenberg.geoolivin.com\/wp-content\/uploads\/2026\/04\/header_02.jpg 1200w\" sizes=\"(max-width: 1024px) 100vw, 1024px\" \/><\/figure>\n\n\n\n<h2>Das Konzept Petrographie &#8211; Stein-Zeit in der Kunst<\/h2>\n\n\n\n<p>Das Konzept \u201ePetrographie \u2013 Stein-Zeit in der Kunst\u201c geht davon aus, dass wissenschaftliche Forschung auf der einen Seite und die zeitgen\u00f6ssische Kunst auf der anderen als sich erg\u00e4nzende Zugangs- und Sichtweisen betrachtet werden m\u00fcssen. Wissenschaft und Kunst werden also nicht als Gegens\u00e4tze, sondern als Einheit oder Symbiose gesehen. Durch diese Art der Synergie versuchen die beiden Sch\u00f6nbergs ihr Kunstprojekt zu verwirklichen und der \u00d6ffentlichkeit zu pr\u00e4sentieren.<\/p>\n\n\n\n<h2>Der wissenschaftliche Anteil<\/h2>\n\n\n\n<p>Ein Gesteinsd\u00fcnnschliff hat eine Fl\u00e4che von ca. 7 cm<sup>2<\/sup>\u00a0und eine Dicke von 0,003 cm, damit ein Volumen von 0,021 cm<sup>3<\/sup>. Polarisationsmikroskope sind Vergr\u00f6\u00dferungsinstrumente spezieller Art. Mit diesem Ger\u00e4t k\u00f6nnen auf schnellem Wege Minerale identifiziert und ihre chemische Zusammensetzung ann\u00e4hernd bestimmt werden. Unter dem Polarisationsmikroskop entstehen Farbeffekte, die den Gem\u00e4lden ihre besondere Note geben. Die Wissenschaft nennt diese Farben: Interferenz-Farben. Mit Hilfe dieser Farben ist der Geologe nun in der Lage jedes einzelne Mineralkorn zu bestimmen. Dabei ist es v\u00f6llig egal, ob es sich um ein Quarzkorn, einen Granat oder um einen Glimmer handelt. Neben der Mineralbestimmung kann der Wissenschaftler im D\u00fcnnschliff auch auf Ereignisse in der Erdgeschichte schlie\u00dfen. Manchmal kann man an Mineralk\u00f6rnern seltsame Beobachtungen machen, als ob sie in der Gesteinsmasse schwimmen und sich aufgrund der Schwerkraft drehen. Oft sind K\u00f6rner durch mysteri\u00f6se Kr\u00e4fte zerrissen. Diese Bewegungen und geologische Naturkatastrophen fanden vor Millionen von Jahren statt und sind heute Zeugen einer l\u00e4ngst vergangenen Zeit. Aber nicht alle Gesteine haben automatisch diese Farbenpracht unter dem Mikroskop. Nur der Geologe kennt die Mittel und Wege, um durch eine gezielte Probennahme, das richtige Gestein mit der notwendigen Mineralzusammensetzung dem K\u00fcnstler zur Verf\u00fcgung zu stellen.<\/p>\n\n\n\n<h2>Der k\u00fcnstlerische Anteil<\/h2>\n\n\n\n<p>Dem K\u00fcnstler stehen nach Abschluss der wissenschaftlichen Arbeiten eine Vielzahl von Motiven zur Verf\u00fcgung. Auf einer Fl\u00e4che von 7 cm<sup>2<\/sup>&nbsp;findet er Hunderte von Ansichten, die er nun auf die Leinwand \u00fcbertragen kann. Jeder Ausschnitt ist einmalig. Jedes Korn verschieden. Die Farbenpracht unendlich. Der K\u00fcnstler hat nun die Qual der Wahl. Manchmal entscheidet er sich f\u00fcr ein Mineral, welches dem Portrait eines Menschen \u00e4hnlich sieht. Manchmal sieht er gelbe Schmetterlinge in einer grauen Ansammlung von Quarzk\u00f6rnern oder das bunte Laub eines herbstlichen Mischwaldes. Der k\u00fcnstlerische Prozess nimmt jetzt keine R\u00fccksicht mehr auf wissenschaftliche Ergebnisse. Farben werden \u00fcbernommen oder dem subjektiven Farbsinn des K\u00fcnstlers unterworfen und v\u00f6llig anders wiedergegeben. Mineralformen werden in ihrer sowieso schon vorhanden Abstraktheit noch weiter vereinfacht und manchmal bis zur Unkenntlichkeit ver\u00e4ndert.<\/p>\n\n\n\n<p>Das Ergebnis ist ein Zyklus von abstrakten Gem\u00e4lden, die die Geologie und Mineralogie einer Region repr\u00e4sentieren. Es handelt sich dabei um die k\u00fcnstlerische Interpretation einer Mineralogie, die jeder Mensch mit blo\u00dfem Auge nie entdecken k\u00f6nnte. Die Synergie von Wissenschaft und Kunst macht es m\u00f6glich.<\/p>\n","protected":false},"excerpt":{"rendered":"<p>Das Konzept Petrographie &#8211; Stein-Zeit in der Kunst Das Konzept \u201ePetrographie \u2013 Stein-Zeit in der Kunst\u201c geht davon aus, dass [&hellip;]<\/p>\n","protected":false},"author":1,"featured_media":0,"parent":0,"menu_order":0,"comment_status":"closed","ping_status":"closed","template":"","meta":{"site-sidebar-layout":"left-sidebar","site-content-layout":"","ast-site-content-layout":"default","site-content-style":"default","site-sidebar-style":"default","ast-global-header-display":"disabled","ast-banner-title-visibility":"","ast-main-header-display":"","ast-hfb-above-header-display":"","ast-hfb-below-header-display":"","ast-hfb-mobile-header-display":"","site-post-title":"","ast-breadcrumbs-content":"","ast-featured-img":"","footer-sml-layout":"disabled","ast-disable-related-posts":"","theme-transparent-header-meta":"","adv-header-id-meta":"","stick-header-meta":"","header-above-stick-meta":"","header-main-stick-meta":"","header-below-stick-meta":"","astra-migrate-meta-layouts":"default","ast-page-background-enabled":"default","ast-page-background-meta":{"desktop":{"background-color":"var(--ast-global-color-5)","background-image":"","background-repeat":"repeat","background-position":"center center","background-size":"auto","background-attachment":"scroll","background-type":"","background-media":"","overlay-type":"","overlay-color":"","overlay-opacity":"","overlay-gradient":""},"tablet":{"background-color":"","background-image":"","background-repeat":"repeat","background-position":"center center","background-size":"auto","background-attachment":"scroll","background-type":"","background-media":"","overlay-type":"","overlay-color":"","overlay-opacity":"","overlay-gradient":""},"mobile":{"background-color":"","background-image":"","background-repeat":"repeat","background-position":"center center","background-size":"auto","background-attachment":"scroll","background-type":"","background-media":"","overlay-type":"","overlay-color":"","overlay-opacity":"","overlay-gradient":""}},"ast-content-background-meta":{"desktop":{"background-color":"var(--ast-global-color-4)","background-image":"","background-repeat":"repeat","background-position":"center center","background-size":"auto","background-attachment":"scroll","background-type":"","background-media":"","overlay-type":"","overlay-color":"","overlay-opacity":"","overlay-gradient":""},"tablet":{"background-color":"var(--ast-global-color-4)","background-image":"","background-repeat":"repeat","background-position":"center center","background-size":"auto","background-attachment":"scroll","background-type":"","background-media":"","overlay-type":"","overlay-color":"","overlay-opacity":"","overlay-gradient":""},"mobile":{"background-color":"var(--ast-global-color-4)","background-image":"","background-repeat":"repeat","background-position":"center center","background-size":"auto","background-attachment":"scroll","background-type":"","background-media":"","overlay-type":"","overlay-color":"","overlay-opacity":"","overlay-gradient":""}}},"_links":{"self":[{"href":"https:\/\/schoenberg.geoolivin.com\/index.php?rest_route=\/wp\/v2\/pages\/64"}],"collection":[{"href":"https:\/\/schoenberg.geoolivin.com\/index.php?rest_route=\/wp\/v2\/pages"}],"about":[{"href":"https:\/\/schoenberg.geoolivin.com\/index.php?rest_route=\/wp\/v2\/types\/page"}],"author":[{"embeddable":true,"href":"https:\/\/schoenberg.geoolivin.com\/index.php?rest_route=\/wp\/v2\/users\/1"}],"replies":[{"embeddable":true,"href":"https:\/\/schoenberg.geoolivin.com\/index.php?rest_route=%2Fwp%2Fv2%2Fcomments&post=64"}],"version-history":[{"count":1,"href":"https:\/\/schoenberg.geoolivin.com\/index.php?rest_route=\/wp\/v2\/pages\/64\/revisions"}],"predecessor-version":[{"id":66,"href":"https:\/\/schoenberg.geoolivin.com\/index.php?rest_route=\/wp\/v2\/pages\/64\/revisions\/66"}],"wp:attachment":[{"href":"https:\/\/schoenberg.geoolivin.com\/index.php?rest_route=%2Fwp%2Fv2%2Fmedia&parent=64"}],"curies":[{"name":"wp","href":"https:\/\/api.w.org\/{rel}","templated":true}]}}