{"id":74,"date":"2026-04-16T16:49:33","date_gmt":"2026-04-16T14:49:33","guid":{"rendered":"http:\/\/schoenberg.geoolivin.com\/?page_id=74"},"modified":"2026-04-16T17:46:38","modified_gmt":"2026-04-16T15:46:38","slug":"die-ausstellung","status":"publish","type":"page","link":"https:\/\/schoenberg.geoolivin.com\/?page_id=74","title":{"rendered":"Die Ausstellung"},"content":{"rendered":"\n<figure class=\"wp-block-image size-large is-resized\"><img loading=\"lazy\" src=\"http:\/\/schoenberg.geoolivin.com\/wp-content\/uploads\/2026\/04\/header_05-1024x171.jpg\" alt=\"\" class=\"wp-image-75\" width=\"1199\" height=\"200\" srcset=\"https:\/\/schoenberg.geoolivin.com\/wp-content\/uploads\/2026\/04\/header_05-1024x171.jpg 1024w, https:\/\/schoenberg.geoolivin.com\/wp-content\/uploads\/2026\/04\/header_05-300x50.jpg 300w, https:\/\/schoenberg.geoolivin.com\/wp-content\/uploads\/2026\/04\/header_05-768x128.jpg 768w, https:\/\/schoenberg.geoolivin.com\/wp-content\/uploads\/2026\/04\/header_05.jpg 1200w\" sizes=\"(max-width: 1199px) 100vw, 1199px\" \/><\/figure>\n\n\n\n<h2>Die Ausstellung f\u00fcr die Welt zwischen Erdkruste und Erdmantel<\/h2>\n\n\n\n<div class=\"wp-container-4 wp-block-columns\">\n<div class=\"wp-container-3 wp-block-column\" style=\"flex-basis:100%\">\n<div class=\"wp-container-2 wp-block-columns\">\n<div class=\"wp-container-1 wp-block-column\">\n<figure class=\"wp-block-embed is-type-rich is-provider-handler-einbetten wp-block-embed-handler-einbetten wp-embed-aspect-4-3 wp-has-aspect-ratio\"><div class=\"wp-block-embed__wrapper\">\n<iframe loading=\"lazy\" title=\"Die Ausstellung - Petrographie - Stein-Zeit in der Kunst\" width=\"500\" height=\"375\" src=\"https:\/\/www.youtube.com\/embed\/IGigb2pYIYI?feature=oembed\" frameborder=\"0\" allow=\"accelerometer; autoplay; clipboard-write; encrypted-media; gyroscope; picture-in-picture; web-share\" referrerpolicy=\"strict-origin-when-cross-origin\" allowfullscreen><\/iframe>\n<\/div><\/figure>\n<\/div>\n<\/div>\n<\/div>\n<\/div>\n\n\n\n<p>Die Ausstellung ist eine Komposition aus Gem\u00e4lden in Aquarell und \u00d6l, aus Fotografie und Videoinstallation. Die malerische Interpretation der Natur wird dem harten Gestein gegen\u00fcbergestellt. Mit dem Mittel der Fotografie und der Videoinstallation wird die Kunst in die nat\u00fcrliche Umgebung eingebettet. Thematische Poster erm\u00f6glichen den BetrachterInnen, ob Jung oder Alt, den gesamten Kontext zu erfassen und Geologie, Mineralogie und Malerei in Verbindung zu bringen. Reisen Sie mit uns und genie\u00dfen Sie eine Kunst, deren Ursprung zwischen Erdkruste und Erdmantel verborgen ist.<\/p>\n\n\n\n<h2>Die Gem\u00e4ldeausstellung<\/h2>\n\n\n\n<p>Die Gem\u00e4lde beziehen sich auf eine Region oder auf ein engumgrenztes geologisches Gebiet, welches eine besondere Vielfalt von Mineralzusammensetzungen enth\u00e4lt. Jedes Gem\u00e4lde wird immer in Verbindung mit einem Gesteinshandst\u00fcck und einem Foto&nbsp; des Fundortes ausgestellt. Die Reihenfolge der Kunstwerke in der Ausstellung entspricht der Reihenfolge bzw. der Lage der geologischen Gesteinsschichten in der Natur.<\/p>\n\n\n\n<h2>Die Videoinstallationen<\/h2>\n\n\n\n<p>Die begleitenden Videoinstallationen besch\u00e4ftigen sich unter anderem mit der Kunst-Region aus einer differenzierten Perspektive. Geologie und die dem Menschen&nbsp; umgebende Natur werden in diesem Film miteinander verkn\u00fcpft. In eine Video-Rundfahrt durch das Untersuchungs- bzw. Kunstgebiet, werden die D\u00fcnnschliffe bzw. die daraus erzeugten Gem\u00e4lde als fliegende Objekte integriert. Das Auto f\u00e4hrt \u00fcber den grauen Asphalt, aber unter dem Asphalt verbirgt sich die wahre Farbenpracht der Minerale.<\/p>\n\n\n\n<p>In weiteren Installationen steht zum einem der K\u00fcnstler und zum anderen die Probennahme durch den Geologen im Mittelpunkt. Die BetrachterInnen schauen dem K\u00fcnstler \u00fcber die Schulter, wie er fast schon k\u00e4mpfend, sich den Weg \u00fcber die Leinwand oder das Papier bahnt. Die gleiche Einstellung betrifft die Probennahme durch den Geologen, wie er auf das Gestein einschl\u00e4gt, um Proben als Basis f\u00fcr neue D\u00fcnnschliffe zu nehmen.<\/p>\n\n\n\n<h2>Die Fotodokumentation und die thematischen Poster<\/h2>\n\n\n\n<p>Ein Teil der Fotoausstellung dient dazu den genauen Fundort der Gesteinsproben zu pr\u00e4sentieren. Ein Geologenhammer repr\u00e4sentiert die Lokalit\u00e4t der Probe. Innerhalb von thematischen Postern wird die Region den BetrachterInnen vorgestellt. Damit wird der abstrakte Charakter der Gem\u00e4ldeausstellung in die nat\u00fcrliche Umgebung eingebettet.<\/p>\n\n\n\n<h2>Die Handst\u00fccke<\/h2>\n\n\n\n<p>Neben jedem Gem\u00e4lde wird das entsprechende Gestein ausgestellt. Diese Proben wurden pr\u00e4pariert, wodurch aus einem grauen dreckigen St\u00fcck Gestein ein Kunstwerk entsteht, welches im Gem\u00e4lde seine finale Ausdruckskraft erh\u00e4lt.<\/p>\n","protected":false},"excerpt":{"rendered":"<p>Die Ausstellung f\u00fcr die Welt zwischen Erdkruste und Erdmantel Die Ausstellung ist eine Komposition aus Gem\u00e4lden in Aquarell und \u00d6l, [&hellip;]<\/p>\n","protected":false},"author":1,"featured_media":0,"parent":0,"menu_order":0,"comment_status":"closed","ping_status":"closed","template":"","meta":{"site-sidebar-layout":"left-sidebar","site-content-layout":"","ast-site-content-layout":"default","site-content-style":"default","site-sidebar-style":"default","ast-global-header-display":"disabled","ast-banner-title-visibility":"","ast-main-header-display":"","ast-hfb-above-header-display":"","ast-hfb-below-header-display":"","ast-hfb-mobile-header-display":"","site-post-title":"","ast-breadcrumbs-content":"","ast-featured-img":"","footer-sml-layout":"disabled","ast-disable-related-posts":"","theme-transparent-header-meta":"","adv-header-id-meta":"","stick-header-meta":"","header-above-stick-meta":"","header-main-stick-meta":"","header-below-stick-meta":"","astra-migrate-meta-layouts":"default","ast-page-background-enabled":"default","ast-page-background-meta":{"desktop":{"background-color":"var(--ast-global-color-5)","background-image":"","background-repeat":"repeat","background-position":"center center","background-size":"auto","background-attachment":"scroll","background-type":"","background-media":"","overlay-type":"","overlay-color":"","overlay-opacity":"","overlay-gradient":""},"tablet":{"background-color":"","background-image":"","background-repeat":"repeat","background-position":"center center","background-size":"auto","background-attachment":"scroll","background-type":"","background-media":"","overlay-type":"","overlay-color":"","overlay-opacity":"","overlay-gradient":""},"mobile":{"background-color":"","background-image":"","background-repeat":"repeat","background-position":"center center","background-size":"auto","background-attachment":"scroll","background-type":"","background-media":"","overlay-type":"","overlay-color":"","overlay-opacity":"","overlay-gradient":""}},"ast-content-background-meta":{"desktop":{"background-color":"var(--ast-global-color-4)","background-image":"","background-repeat":"repeat","background-position":"center center","background-size":"auto","background-attachment":"scroll","background-type":"","background-media":"","overlay-type":"","overlay-color":"","overlay-opacity":"","overlay-gradient":""},"tablet":{"background-color":"var(--ast-global-color-4)","background-image":"","background-repeat":"repeat","background-position":"center center","background-size":"auto","background-attachment":"scroll","background-type":"","background-media":"","overlay-type":"","overlay-color":"","overlay-opacity":"","overlay-gradient":""},"mobile":{"background-color":"var(--ast-global-color-4)","background-image":"","background-repeat":"repeat","background-position":"center center","background-size":"auto","background-attachment":"scroll","background-type":"","background-media":"","overlay-type":"","overlay-color":"","overlay-opacity":"","overlay-gradient":""}}},"_links":{"self":[{"href":"https:\/\/schoenberg.geoolivin.com\/index.php?rest_route=\/wp\/v2\/pages\/74"}],"collection":[{"href":"https:\/\/schoenberg.geoolivin.com\/index.php?rest_route=\/wp\/v2\/pages"}],"about":[{"href":"https:\/\/schoenberg.geoolivin.com\/index.php?rest_route=\/wp\/v2\/types\/page"}],"author":[{"embeddable":true,"href":"https:\/\/schoenberg.geoolivin.com\/index.php?rest_route=\/wp\/v2\/users\/1"}],"replies":[{"embeddable":true,"href":"https:\/\/schoenberg.geoolivin.com\/index.php?rest_route=%2Fwp%2Fv2%2Fcomments&post=74"}],"version-history":[{"count":3,"href":"https:\/\/schoenberg.geoolivin.com\/index.php?rest_route=\/wp\/v2\/pages\/74\/revisions"}],"predecessor-version":[{"id":93,"href":"https:\/\/schoenberg.geoolivin.com\/index.php?rest_route=\/wp\/v2\/pages\/74\/revisions\/93"}],"wp:attachment":[{"href":"https:\/\/schoenberg.geoolivin.com\/index.php?rest_route=%2Fwp%2Fv2%2Fmedia&parent=74"}],"curies":[{"name":"wp","href":"https:\/\/api.w.org\/{rel}","templated":true}]}}