{"id":87,"date":"2026-04-16T17:42:35","date_gmt":"2026-04-16T15:42:35","guid":{"rendered":"http:\/\/schoenberg.geoolivin.com\/?page_id=87"},"modified":"2026-04-16T17:42:35","modified_gmt":"2026-04-16T15:42:35","slug":"das-speed-painting","status":"publish","type":"page","link":"https:\/\/schoenberg.geoolivin.com\/?page_id=87","title":{"rendered":"Das Speed-Painting"},"content":{"rendered":"\n<figure class=\"wp-block-image size-large is-resized\"><img loading=\"lazy\" src=\"http:\/\/schoenberg.geoolivin.com\/wp-content\/uploads\/2026\/04\/header_02-1-1024x171.jpg\" alt=\"\" class=\"wp-image-88\" width=\"1198\" height=\"200\" srcset=\"https:\/\/schoenberg.geoolivin.com\/wp-content\/uploads\/2026\/04\/header_02-1-1024x171.jpg 1024w, https:\/\/schoenberg.geoolivin.com\/wp-content\/uploads\/2026\/04\/header_02-1-300x50.jpg 300w, https:\/\/schoenberg.geoolivin.com\/wp-content\/uploads\/2026\/04\/header_02-1-768x128.jpg 768w, https:\/\/schoenberg.geoolivin.com\/wp-content\/uploads\/2026\/04\/header_02-1.jpg 1200w\" sizes=\"(max-width: 1198px) 100vw, 1198px\" \/><\/figure>\n\n\n\n<h2>Die Entstehung eines Gem\u00e4ldes im Zeitraffer<\/h2>\n\n\n\n<div class=\"wp-container-3 wp-block-columns\">\n<div class=\"wp-container-1 wp-block-column\" style=\"flex-basis:66.66%\">\n<figure class=\"wp-block-embed is-type-rich is-provider-handler-einbetten wp-block-embed-handler-einbetten wp-embed-aspect-4-3 wp-has-aspect-ratio\"><div class=\"wp-block-embed__wrapper\">\n<iframe loading=\"lazy\" title=\"Das Speed Painting - Petrographie - Stein-Zeit in der Kunst\" width=\"500\" height=\"375\" src=\"https:\/\/www.youtube.com\/embed\/pmPaZmigeeo?feature=oembed\" frameborder=\"0\" allow=\"accelerometer; autoplay; clipboard-write; encrypted-media; gyroscope; picture-in-picture; web-share\" referrerpolicy=\"strict-origin-when-cross-origin\" allowfullscreen><\/iframe>\n<\/div><\/figure>\n<\/div>\n\n\n\n<div class=\"wp-container-2 wp-block-column\" style=\"flex-basis:33.33%\"><\/div>\n<\/div>\n\n\n\n<p>Die Auswahl des Motivs liegt ganz allein beim K\u00fcnstler. Er entscheidet was auf die Leinwand kommt. Er hat auch die Freiheit das Motiv in weiterer Folge zu interpretieren. Die Wissenschaft stellt das Material zur Verf\u00fcgung und die Kunst komponiert ein Werk was zuvor die Natur in Millionen von Jahren erzeugt hat. Bei der Umsetzung, angefangen bei der Motivauswahl bis hin zum finalen Gem\u00e4lde, hat der K\u00fcnstler verschiedene M\u00f6glichkeiten den D\u00fcnnschliff auszuwerten.<\/p>\n\n\n\n<p>Einerseits kann er direkt durch das Okular des Polarisationsmikroskops eine Stelle auf die Leinwand \u00fcbertragen. Dabei nutzt er die wissenschaftlichen Methoden der Geologie bzw. Mineralogie und erzeugt mit dem Mikroskop die Farben, die dem Gem\u00e4lde seine Anziehungskraft verdankt. Mit Hilfe der zweiten Methode fotografiert der Geologe oder K\u00fcnstler einen Ausschnitt direkt am Mikroskop. Diese Momentaufnahme \u00fcbertr\u00e4gt der K\u00fcnstler, wie im Video sichtbar, mit Aquarellfarben auf Papier. Die Zeitrafferaufnahme umfasst eine Stunde. Eine Stunde f\u00fcr ein Gestein, das ein Metamorphosealter von 340 Millionen Jahren besitzt.<\/p>\n","protected":false},"excerpt":{"rendered":"<p>Die Entstehung eines Gem\u00e4ldes im Zeitraffer Die Auswahl des Motivs liegt ganz allein beim K\u00fcnstler. Er entscheidet was auf die [&hellip;]<\/p>\n","protected":false},"author":1,"featured_media":0,"parent":0,"menu_order":0,"comment_status":"closed","ping_status":"closed","template":"","meta":{"site-sidebar-layout":"left-sidebar","site-content-layout":"","ast-site-content-layout":"default","site-content-style":"default","site-sidebar-style":"default","ast-global-header-display":"disabled","ast-banner-title-visibility":"","ast-main-header-display":"","ast-hfb-above-header-display":"","ast-hfb-below-header-display":"","ast-hfb-mobile-header-display":"","site-post-title":"","ast-breadcrumbs-content":"","ast-featured-img":"","footer-sml-layout":"disabled","ast-disable-related-posts":"","theme-transparent-header-meta":"","adv-header-id-meta":"","stick-header-meta":"","header-above-stick-meta":"","header-main-stick-meta":"","header-below-stick-meta":"","astra-migrate-meta-layouts":"default","ast-page-background-enabled":"default","ast-page-background-meta":{"desktop":{"background-color":"var(--ast-global-color-5)","background-image":"","background-repeat":"repeat","background-position":"center center","background-size":"auto","background-attachment":"scroll","background-type":"","background-media":"","overlay-type":"","overlay-color":"","overlay-opacity":"","overlay-gradient":""},"tablet":{"background-color":"","background-image":"","background-repeat":"repeat","background-position":"center center","background-size":"auto","background-attachment":"scroll","background-type":"","background-media":"","overlay-type":"","overlay-color":"","overlay-opacity":"","overlay-gradient":""},"mobile":{"background-color":"","background-image":"","background-repeat":"repeat","background-position":"center center","background-size":"auto","background-attachment":"scroll","background-type":"","background-media":"","overlay-type":"","overlay-color":"","overlay-opacity":"","overlay-gradient":""}},"ast-content-background-meta":{"desktop":{"background-color":"var(--ast-global-color-4)","background-image":"","background-repeat":"repeat","background-position":"center center","background-size":"auto","background-attachment":"scroll","background-type":"","background-media":"","overlay-type":"","overlay-color":"","overlay-opacity":"","overlay-gradient":""},"tablet":{"background-color":"var(--ast-global-color-4)","background-image":"","background-repeat":"repeat","background-position":"center center","background-size":"auto","background-attachment":"scroll","background-type":"","background-media":"","overlay-type":"","overlay-color":"","overlay-opacity":"","overlay-gradient":""},"mobile":{"background-color":"var(--ast-global-color-4)","background-image":"","background-repeat":"repeat","background-position":"center center","background-size":"auto","background-attachment":"scroll","background-type":"","background-media":"","overlay-type":"","overlay-color":"","overlay-opacity":"","overlay-gradient":""}}},"_links":{"self":[{"href":"https:\/\/schoenberg.geoolivin.com\/index.php?rest_route=\/wp\/v2\/pages\/87"}],"collection":[{"href":"https:\/\/schoenberg.geoolivin.com\/index.php?rest_route=\/wp\/v2\/pages"}],"about":[{"href":"https:\/\/schoenberg.geoolivin.com\/index.php?rest_route=\/wp\/v2\/types\/page"}],"author":[{"embeddable":true,"href":"https:\/\/schoenberg.geoolivin.com\/index.php?rest_route=\/wp\/v2\/users\/1"}],"replies":[{"embeddable":true,"href":"https:\/\/schoenberg.geoolivin.com\/index.php?rest_route=%2Fwp%2Fv2%2Fcomments&post=87"}],"version-history":[{"count":1,"href":"https:\/\/schoenberg.geoolivin.com\/index.php?rest_route=\/wp\/v2\/pages\/87\/revisions"}],"predecessor-version":[{"id":90,"href":"https:\/\/schoenberg.geoolivin.com\/index.php?rest_route=\/wp\/v2\/pages\/87\/revisions\/90"}],"wp:attachment":[{"href":"https:\/\/schoenberg.geoolivin.com\/index.php?rest_route=%2Fwp%2Fv2%2Fmedia&parent=87"}],"curies":[{"name":"wp","href":"https:\/\/api.w.org\/{rel}","templated":true}]}}