{"id":94,"date":"2026-04-16T17:50:24","date_gmt":"2026-04-16T15:50:24","guid":{"rendered":"http:\/\/schoenberg.geoolivin.com\/?page_id=94"},"modified":"2026-04-16T17:50:24","modified_gmt":"2026-04-16T15:50:24","slug":"die-rundfahrt","status":"publish","type":"page","link":"https:\/\/schoenberg.geoolivin.com\/?page_id=94","title":{"rendered":"Die Rundfahrt"},"content":{"rendered":"\n<figure class=\"wp-block-image size-large is-resized\"><img loading=\"lazy\" src=\"http:\/\/schoenberg.geoolivin.com\/wp-content\/uploads\/2026\/04\/header_03-1024x171.jpg\" alt=\"\" class=\"wp-image-95\" width=\"1199\" height=\"200\" srcset=\"https:\/\/schoenberg.geoolivin.com\/wp-content\/uploads\/2026\/04\/header_03-1024x171.jpg 1024w, https:\/\/schoenberg.geoolivin.com\/wp-content\/uploads\/2026\/04\/header_03-300x50.jpg 300w, https:\/\/schoenberg.geoolivin.com\/wp-content\/uploads\/2026\/04\/header_03-768x128.jpg 768w, https:\/\/schoenberg.geoolivin.com\/wp-content\/uploads\/2026\/04\/header_03.jpg 1200w\" sizes=\"(max-width: 1199px) 100vw, 1199px\" \/><\/figure>\n\n\n\n<h2>Eine Rundfahrt in der B\u00f6hmischen Masse des Waldviertels &#8211; \u00d6sterreich<\/h2>\n\n\n\n<div class=\"wp-container-3 wp-block-columns\">\n<div class=\"wp-container-1 wp-block-column\" style=\"flex-basis:66.66%\">\n<figure class=\"wp-block-embed is-type-rich is-provider-handler-einbetten wp-block-embed-handler-einbetten wp-embed-aspect-4-3 wp-has-aspect-ratio\"><div class=\"wp-block-embed__wrapper\">\n<iframe loading=\"lazy\" title=\"Die Rundfahrt - Petrographie - Stein-Zeit in der Kunst\" width=\"500\" height=\"375\" src=\"https:\/\/www.youtube.com\/embed\/o_l6hR2We5o?feature=oembed\" frameborder=\"0\" allow=\"accelerometer; autoplay; clipboard-write; encrypted-media; gyroscope; picture-in-picture; web-share\" referrerpolicy=\"strict-origin-when-cross-origin\" allowfullscreen><\/iframe>\n<\/div><\/figure>\n<\/div>\n\n\n\n<div class=\"wp-container-2 wp-block-column\" style=\"flex-basis:33.33%\"><\/div>\n<\/div>\n\n\n\n<p>Hand aufs Herz. Sind Sie schon jemals mit Ihrem Auto quer durch das Moldanubikum der B\u00f6hmischen Masse gefahren? In der aktuellen Ausstellung der beiden Sch\u00f6nbergs k\u00f6nnen Sie das live miterleben. Die Rundfahrt startet im n\u00f6rdlichen Teil des nieder\u00f6sterreichischen Waldviertels am Ostrand der B\u00f6hmischen Masse. Die tschechische Grenze ist nur ca. 1,5 km entfernt. Zuerst entdecken Sie die Granulite als h\u00f6chste Einheit des Moldanubikums. Rechts und links der Stra\u00dfe beobachten Sie in die Granulite eingeschuppte Serpentinite. Geh\u00f6rt nicht der Serpentinit mit seinem Anteil an Olivin-Mineralen zu Ihren Lieblingsgesteinen? Oder m\u00f6gen Sie eher die magmatischen Gesteine oder gar die Sedimentgesteine. Das Moldanubikum ist aber eher ein Paradies f\u00fcr Liebhaber der metamorphen Gesteine. Dann f\u00e4llt Ihnen weiter vorn der Gf\u00f6hler Gneis auf. Es handelt sich dabei um einen der vielen gro\u00dfen Gf\u00f6hler-Gneis-Komplexe, der eine wichtige Stellung im nieder\u00f6sterreichischen Moldanubikum einnimmt. Es gef\u00e4llt Ihnen hier! Warum sollte man nicht einmal einen Urlaub am Rande eines solch gewaltigen Gneiskomplexes verbringen?<\/p>\n\n\n\n<p>Dann fahren Sie durch einen Ort. Die St\u00f6rungszone unten am Fluss hat es Ihnen besonders angetan. Hier grenzt der Gf\u00f6hler Gneis an die Raabser Serie. Gewaltige Gesteinsbewegungen haben vor Millionen von Jahren die eine Gesteinsschicht \u00fcber die andere geschoben. Ein paar Meter weiter k\u00f6nnen Sie sich vor Begeisterung gar nicht mehr im Auto halten und klopfen mit der Faust am dunkelgrauen Ganggestein. Dieser etwa drei Meter breite magmatische Gang ist ein Pyroxen-Granodioritpophyrit, der in ein bereits abgek\u00fchltes Gebirge eingedrungen ist und somit wahrscheinlich sp\u00e4tvarizisches Alter besitzt. Allein schon bei dem Gedanken an das hei\u00dfe Magma l\u00e4uft es&nbsp; Ihnen kalt \u00fcber den R\u00fccken. Die Reise endet in der Raabser Serie. Es ist der ultimative H\u00f6hepunkt. Bei der Raabser Serie handelt es sich um einen Gesteinskomplex aus ehemaligen Ozeanboden. Auf einem kleinen Gebiet k\u00f6nnen Sie sich gar nicht satt sehen. Was f\u00fcr eine Pracht!<\/p>\n","protected":false},"excerpt":{"rendered":"<p>Eine Rundfahrt in der B\u00f6hmischen Masse des Waldviertels &#8211; \u00d6sterreich Hand aufs Herz. Sind Sie schon jemals mit Ihrem Auto [&hellip;]<\/p>\n","protected":false},"author":1,"featured_media":0,"parent":0,"menu_order":0,"comment_status":"closed","ping_status":"closed","template":"","meta":{"site-sidebar-layout":"left-sidebar","site-content-layout":"","ast-site-content-layout":"default","site-content-style":"default","site-sidebar-style":"default","ast-global-header-display":"disabled","ast-banner-title-visibility":"","ast-main-header-display":"","ast-hfb-above-header-display":"","ast-hfb-below-header-display":"","ast-hfb-mobile-header-display":"","site-post-title":"","ast-breadcrumbs-content":"","ast-featured-img":"","footer-sml-layout":"disabled","ast-disable-related-posts":"","theme-transparent-header-meta":"","adv-header-id-meta":"","stick-header-meta":"","header-above-stick-meta":"","header-main-stick-meta":"","header-below-stick-meta":"","astra-migrate-meta-layouts":"default","ast-page-background-enabled":"default","ast-page-background-meta":{"desktop":{"background-color":"var(--ast-global-color-5)","background-image":"","background-repeat":"repeat","background-position":"center center","background-size":"auto","background-attachment":"scroll","background-type":"","background-media":"","overlay-type":"","overlay-color":"","overlay-opacity":"","overlay-gradient":""},"tablet":{"background-color":"","background-image":"","background-repeat":"repeat","background-position":"center center","background-size":"auto","background-attachment":"scroll","background-type":"","background-media":"","overlay-type":"","overlay-color":"","overlay-opacity":"","overlay-gradient":""},"mobile":{"background-color":"","background-image":"","background-repeat":"repeat","background-position":"center center","background-size":"auto","background-attachment":"scroll","background-type":"","background-media":"","overlay-type":"","overlay-color":"","overlay-opacity":"","overlay-gradient":""}},"ast-content-background-meta":{"desktop":{"background-color":"var(--ast-global-color-4)","background-image":"","background-repeat":"repeat","background-position":"center center","background-size":"auto","background-attachment":"scroll","background-type":"","background-media":"","overlay-type":"","overlay-color":"","overlay-opacity":"","overlay-gradient":""},"tablet":{"background-color":"var(--ast-global-color-4)","background-image":"","background-repeat":"repeat","background-position":"center center","background-size":"auto","background-attachment":"scroll","background-type":"","background-media":"","overlay-type":"","overlay-color":"","overlay-opacity":"","overlay-gradient":""},"mobile":{"background-color":"var(--ast-global-color-4)","background-image":"","background-repeat":"repeat","background-position":"center center","background-size":"auto","background-attachment":"scroll","background-type":"","background-media":"","overlay-type":"","overlay-color":"","overlay-opacity":"","overlay-gradient":""}}},"_links":{"self":[{"href":"https:\/\/schoenberg.geoolivin.com\/index.php?rest_route=\/wp\/v2\/pages\/94"}],"collection":[{"href":"https:\/\/schoenberg.geoolivin.com\/index.php?rest_route=\/wp\/v2\/pages"}],"about":[{"href":"https:\/\/schoenberg.geoolivin.com\/index.php?rest_route=\/wp\/v2\/types\/page"}],"author":[{"embeddable":true,"href":"https:\/\/schoenberg.geoolivin.com\/index.php?rest_route=\/wp\/v2\/users\/1"}],"replies":[{"embeddable":true,"href":"https:\/\/schoenberg.geoolivin.com\/index.php?rest_route=%2Fwp%2Fv2%2Fcomments&post=94"}],"version-history":[{"count":1,"href":"https:\/\/schoenberg.geoolivin.com\/index.php?rest_route=\/wp\/v2\/pages\/94\/revisions"}],"predecessor-version":[{"id":97,"href":"https:\/\/schoenberg.geoolivin.com\/index.php?rest_route=\/wp\/v2\/pages\/94\/revisions\/97"}],"wp:attachment":[{"href":"https:\/\/schoenberg.geoolivin.com\/index.php?rest_route=%2Fwp%2Fv2%2Fmedia&parent=94"}],"curies":[{"name":"wp","href":"https:\/\/api.w.org\/{rel}","templated":true}]}}