{"id":99,"date":"2026-04-16T17:53:59","date_gmt":"2026-04-16T15:53:59","guid":{"rendered":"http:\/\/schoenberg.geoolivin.com\/?page_id=99"},"modified":"2026-04-16T17:54:28","modified_gmt":"2026-04-16T15:54:28","slug":"der-duennschliff","status":"publish","type":"page","link":"https:\/\/schoenberg.geoolivin.com\/?page_id=99","title":{"rendered":"Der D\u00fcnnschliff"},"content":{"rendered":"\n<figure class=\"wp-block-image size-large is-resized\"><img loading=\"lazy\" src=\"http:\/\/schoenberg.geoolivin.com\/wp-content\/uploads\/2026\/04\/header_01-1-1024x171.jpg\" alt=\"\" class=\"wp-image-100\" width=\"1198\" height=\"200\" srcset=\"https:\/\/schoenberg.geoolivin.com\/wp-content\/uploads\/2026\/04\/header_01-1-1024x171.jpg 1024w, https:\/\/schoenberg.geoolivin.com\/wp-content\/uploads\/2026\/04\/header_01-1-300x50.jpg 300w, https:\/\/schoenberg.geoolivin.com\/wp-content\/uploads\/2026\/04\/header_01-1-768x128.jpg 768w, https:\/\/schoenberg.geoolivin.com\/wp-content\/uploads\/2026\/04\/header_01-1.jpg 1200w\" sizes=\"(max-width: 1198px) 100vw, 1198px\" \/><\/figure>\n\n\n\n<h2>Eine kurze Reise im D\u00fcnnschliff<\/h2>\n\n\n\n<div class=\"wp-container-3 wp-block-columns\">\n<div class=\"wp-container-1 wp-block-column\" style=\"flex-basis:66.66%\">\n<figure class=\"wp-block-embed is-type-rich is-provider-handler-einbetten wp-block-embed-handler-einbetten wp-embed-aspect-4-3 wp-has-aspect-ratio\"><div class=\"wp-block-embed__wrapper\">\n<iframe loading=\"lazy\" title=\"Der D\u00fcnnschliff - Petrographie - Stein-Zeit in der Kunst\" width=\"500\" height=\"375\" src=\"https:\/\/www.youtube.com\/embed\/itjPcyyiAGE?feature=oembed\" frameborder=\"0\" allow=\"accelerometer; autoplay; clipboard-write; encrypted-media; gyroscope; picture-in-picture; web-share\" referrerpolicy=\"strict-origin-when-cross-origin\" allowfullscreen><\/iframe>\n<\/div><\/figure>\n<\/div>\n\n\n\n<div class=\"wp-container-2 wp-block-column\" style=\"flex-basis:33.33%\"><\/div>\n<\/div>\n\n\n\n<p>Die Sch\u00f6nbergs nutzen den 0,003 cm dicken D\u00fcnnschliff f\u00fcr ihre Entdeckungsreise durch die mikroskopische Welt der Gesteine. Der D\u00fcnnschliff wird aus einer Gesteinsprobe herausgeschnitten bzw. geschliffen. Dann beginnt die Mineralbestimmung des Geologen und setzt sich fort in der Suche nach Motiven f\u00fcr den K\u00fcnstler.<\/p>\n\n\n\n<p>Die Reise durch den D\u00fcnnschliff beginnt in dem Moment, wo Sie das Auge auf das Okular des Mikroskops schieben. Bewegen Sie den D\u00fcnnschliff. Nutzen Sie die Werkzeuge, dann sehen Sie die Farben der Minerale. Es flackert. Farben kommen und gehen. Strukturen werden sichtbar. Strukturen, die durch enorme Temperaturen und Drucke entstanden sind. Sie beobachten wie Minerale zerfallen. Wie Minerale sich in neue Minerale umwandeln. Beobachten Sie vertraute Objekte, die sie aus Ihrer t\u00e4glichen Umgebung kennen. Gesichter, Tiere, geometrische Formen, Landschaften und Formen, die Sie noch nie gesehen haben. Es ist eine Momentaufnahme von Prozessen, die Millionen von Jahre ben\u00f6tigen. Der K\u00fcnstler wird diese Pracht f\u00fcr Sie auf die Leinwand pinseln.<\/p>\n","protected":false},"excerpt":{"rendered":"<p>Eine kurze Reise im D\u00fcnnschliff Die Sch\u00f6nbergs nutzen den 0,003 cm dicken D\u00fcnnschliff f\u00fcr ihre Entdeckungsreise durch die mikroskopische Welt [&hellip;]<\/p>\n","protected":false},"author":1,"featured_media":0,"parent":0,"menu_order":0,"comment_status":"closed","ping_status":"closed","template":"","meta":{"site-sidebar-layout":"left-sidebar","site-content-layout":"","ast-site-content-layout":"default","site-content-style":"default","site-sidebar-style":"default","ast-global-header-display":"disabled","ast-banner-title-visibility":"","ast-main-header-display":"","ast-hfb-above-header-display":"","ast-hfb-below-header-display":"","ast-hfb-mobile-header-display":"","site-post-title":"","ast-breadcrumbs-content":"","ast-featured-img":"","footer-sml-layout":"disabled","ast-disable-related-posts":"","theme-transparent-header-meta":"","adv-header-id-meta":"","stick-header-meta":"","header-above-stick-meta":"","header-main-stick-meta":"","header-below-stick-meta":"","astra-migrate-meta-layouts":"default","ast-page-background-enabled":"default","ast-page-background-meta":{"desktop":{"background-color":"var(--ast-global-color-5)","background-image":"","background-repeat":"repeat","background-position":"center center","background-size":"auto","background-attachment":"scroll","background-type":"","background-media":"","overlay-type":"","overlay-color":"","overlay-opacity":"","overlay-gradient":""},"tablet":{"background-color":"","background-image":"","background-repeat":"repeat","background-position":"center center","background-size":"auto","background-attachment":"scroll","background-type":"","background-media":"","overlay-type":"","overlay-color":"","overlay-opacity":"","overlay-gradient":""},"mobile":{"background-color":"","background-image":"","background-repeat":"repeat","background-position":"center center","background-size":"auto","background-attachment":"scroll","background-type":"","background-media":"","overlay-type":"","overlay-color":"","overlay-opacity":"","overlay-gradient":""}},"ast-content-background-meta":{"desktop":{"background-color":"var(--ast-global-color-4)","background-image":"","background-repeat":"repeat","background-position":"center center","background-size":"auto","background-attachment":"scroll","background-type":"","background-media":"","overlay-type":"","overlay-color":"","overlay-opacity":"","overlay-gradient":""},"tablet":{"background-color":"var(--ast-global-color-4)","background-image":"","background-repeat":"repeat","background-position":"center center","background-size":"auto","background-attachment":"scroll","background-type":"","background-media":"","overlay-type":"","overlay-color":"","overlay-opacity":"","overlay-gradient":""},"mobile":{"background-color":"var(--ast-global-color-4)","background-image":"","background-repeat":"repeat","background-position":"center center","background-size":"auto","background-attachment":"scroll","background-type":"","background-media":"","overlay-type":"","overlay-color":"","overlay-opacity":"","overlay-gradient":""}}},"_links":{"self":[{"href":"https:\/\/schoenberg.geoolivin.com\/index.php?rest_route=\/wp\/v2\/pages\/99"}],"collection":[{"href":"https:\/\/schoenberg.geoolivin.com\/index.php?rest_route=\/wp\/v2\/pages"}],"about":[{"href":"https:\/\/schoenberg.geoolivin.com\/index.php?rest_route=\/wp\/v2\/types\/page"}],"author":[{"embeddable":true,"href":"https:\/\/schoenberg.geoolivin.com\/index.php?rest_route=\/wp\/v2\/users\/1"}],"replies":[{"embeddable":true,"href":"https:\/\/schoenberg.geoolivin.com\/index.php?rest_route=%2Fwp%2Fv2%2Fcomments&post=99"}],"version-history":[{"count":2,"href":"https:\/\/schoenberg.geoolivin.com\/index.php?rest_route=\/wp\/v2\/pages\/99\/revisions"}],"predecessor-version":[{"id":103,"href":"https:\/\/schoenberg.geoolivin.com\/index.php?rest_route=\/wp\/v2\/pages\/99\/revisions\/103"}],"wp:attachment":[{"href":"https:\/\/schoenberg.geoolivin.com\/index.php?rest_route=%2Fwp%2Fv2%2Fmedia&parent=99"}],"curies":[{"name":"wp","href":"https:\/\/api.w.org\/{rel}","templated":true}]}}